{"id":6102,"date":"2024-06-30T14:27:36","date_gmt":"2024-06-30T14:27:36","guid":{"rendered":"https:\/\/puretechlegal.com\/politica-de-cookies\/"},"modified":"2025-05-20T10:16:44","modified_gmt":"2025-05-20T10:16:44","slug":"politica-de-cookies","status":"publish","type":"page","link":"https:\/\/puretechlegal.com\/pt-pt\/politica-de-cookies\/","title":{"rendered":"Pol\u00edtica de Cookies"},"content":{"rendered":"\t\t<div data-elementor-type=\"wp-page\" data-elementor-id=\"6102\" class=\"elementor elementor-6102 elementor-2011\" data-elementor-post-type=\"page\">\n\t\t\t\t<div class=\"elementor-element elementor-element-c012b9b e-flex e-con-boxed e-con e-parent\" data-id=\"c012b9b\" data-element_type=\"container\" data-e-type=\"container\" data-settings=\"{&quot;background_background&quot;:&quot;gradient&quot;}\">\n\t\t\t\t\t<div class=\"e-con-inner\">\n\t\t<div class=\"elementor-element elementor-element-453bab4 e-con-full e-flex e-con e-child\" data-id=\"453bab4\" data-element_type=\"container\" data-e-type=\"container\">\n\t\t\t\t<div class=\"elementor-element elementor-element-ae25305 elementor-widget elementor-widget-heading\" data-id=\"ae25305\" data-element_type=\"widget\" data-e-type=\"widget\" data-widget_type=\"heading.default\">\n\t\t\t\t<div class=\"elementor-widget-container\">\n\t\t\t\t\t<h1 class=\"elementor-heading-title elementor-size-default\">Pol\u00edtica de cookies<\/h1>\t\t\t\t<\/div>\n\t\t\t\t<\/div>\n\t\t\t\t<div class=\"elementor-element elementor-element-4e58ed4 elementor-widget__width-auto elementor-widget elementor-widget-heading\" data-id=\"4e58ed4\" data-element_type=\"widget\" data-e-type=\"widget\" data-widget_type=\"heading.default\">\n\t\t\t\t<div class=\"elementor-widget-container\">\n\t\t\t\t\t<h2 class=\"elementor-heading-title elementor-size-default\">Compreenda como utilizamos cookies para melhorar a sua experi\u00eancia.<\/h2>\t\t\t\t<\/div>\n\t\t\t\t<\/div>\n\t\t\t\t<\/div>\n\t\t\t\t\t<\/div>\n\t\t\t\t<\/div>\n\t\t<div class=\"elementor-element elementor-element-c387446 e-flex e-con-boxed e-con e-parent\" data-id=\"c387446\" data-element_type=\"container\" data-e-type=\"container\">\n\t\t\t\t\t<div class=\"e-con-inner\">\n\t\t\t\t<div class=\"elementor-element elementor-element-d3c2b97 elementor-widget elementor-widget-text-editor\" data-id=\"d3c2b97\" data-element_type=\"widget\" data-e-type=\"widget\" data-widget_type=\"text-editor.default\">\n\t\t\t\t<div class=\"elementor-widget-container\">\n\t\t\t\t\t\t\t\t\t<p>Obrigado por visitar este site.<\/p>\n<p>Em conformidade com as disposi\u00e7\u00f5es do artigo 22.2 da Lei 34\/2002, de 11 de julho, sobre Servi\u00e7os da Sociedade da Informa\u00e7\u00e3o e Com\u00e9rcio Eletr\u00f4nico, este site informa, nesta se\u00e7\u00e3o, sobre a pol\u00edtica de coleta e processamento de cookies.<\/p>\n<p>O que s\u00e3o Cookies?<\/p>\n<p>Os cookies s\u00e3o pequenos arquivos de texto que alguns servidores armazenam no nosso disco r\u00edgido com o nosso consentimento e que cont\u00eam informa\u00e7\u00f5es sobre o que temos estado a fazer nas suas p\u00e1ginas (tempo gasto numa tela espec\u00edfica, obten\u00e7\u00e3o de informa\u00e7\u00f5es espec\u00edficas sobre um produto em particular, etc.). A grande maioria dos cookies tem uma data de validade, que pode variar desde a dura\u00e7\u00e3o da sess\u00e3o at\u00e9 uma data futura especificada, ap\u00f3s a qual se tornam inoperantes.<\/p>\n<p><b>1. COOKIES UTILIZADOS POR ESTE SITE<\/b><\/p>\n<p>Os cookies utilizados neste site est\u00e3o associados apenas a um usu\u00e1rio an\u00f4nimo e ao seu computador, n\u00e3o fornecem refer\u00eancias que permitam deduzir o nome e sobrenome do usu\u00e1rio e n\u00e3o podem ler dados do disco r\u00edgido ou incluir v\u00edrus nos seus textos. O nosso site tamb\u00e9m n\u00e3o pode ler cookies implantados no disco r\u00edgido do usu\u00e1rio a partir de outros servidores.<\/p>\n<p>O usu\u00e1rio pode decidir livremente se permite ou n\u00e3o que os cookies utilizados no nosso site sejam implantados no seu disco r\u00edgido. Neste sentido, o usu\u00e1rio pode configurar o seu navegador para aceitar ou rejeitar todos os cookies por padr\u00e3o ou para receber um aviso na tela do recebimento de cada cookie e decidir naquele momento se o implanta no seu disco r\u00edgido ou n\u00e3o. Para isso, recomendamos consultar a se\u00e7\u00e3o de ajuda do seu navegador para saber como alterar as configura\u00e7\u00f5es que ele utiliza atualmente.<\/p>\n<p>Como usu\u00e1rio, tem o direito de rejeitar todos os cookies ou permitir apenas aqueles que considera necess\u00e1rios para operar no nosso site, e pode navegar normalmente pelo nosso site, com a \u00fanica inconveni\u00eancia de n\u00e3o poder desfrutar de certas funcionalidades que exigem a instala\u00e7\u00e3o de um cookie no seu servidor. Em qualquer caso, o usu\u00e1rio pode excluir os cookies implantados no seu disco r\u00edgido a qualquer momento, seguindo o procedimento estabelecido na se\u00e7\u00e3o de ajuda do seu navegador, que detalharemos posteriormente.<\/p>\n<p>De acordo com os termos inclu\u00eddos no artigo 22.2 da Lei 34\/2002 sobre Servi\u00e7os da Sociedade da Informa\u00e7\u00e3o e Com\u00e9rcio Eletr\u00f4nico, se decidir continuar a navegar com todos os cookies ativados, estar\u00e1 a dar o seu consentimento para a utiliza\u00e7\u00e3o dos cookies detalhados abaixo.<\/p>\n<p>Os cookies neste site ajudam a:<\/p>\n<ul>\n<li>\n<p>Garantir que este site funcione corretamente;<\/p>\n<\/li>\n<\/ul>\n<ul>\n<li>\n<p>Permitir a visualiza\u00e7\u00e3o de v\u00eddeos ou outros recursos multim\u00eddia;<\/p>\n<\/li>\n<\/ul>\n<ul>\n<li>\n<p>Melhorar a velocidade\/seguran\u00e7a do site;<\/p>\n<\/li>\n<\/ul>\n<ul>\n<li>\n<p>Permitir o compartilhamento de p\u00e1ginas com as suas redes sociais;<\/p>\n<\/li>\n<\/ul>\n<ul>\n<li>\n<p>Guardar senhas de usu\u00e1rio para visitas futuras.<\/p>\n<\/li>\n<\/ul>\n<p>Nunca usamos cookies para:<\/p>\n<ul>\n<li>\n<p>Recolher informa\u00e7\u00f5es pessoalmente identific\u00e1veis (sem o seu consentimento expresso);<\/p>\n<\/li>\n<\/ul>\n<ul>\n<li>\n<p>Recolher informa\u00e7\u00f5es sens\u00edveis (sem o seu consentimento expresso);<\/p>\n<\/li>\n<\/ul>\n<ul>\n<li>\n<p>Partilhar dados pessoalmente identific\u00e1veis com terceiros.<\/p>\n<\/li>\n<\/ul>\n<p><b>2. COOKIES DE TERCEIROS UTILIZADOS POR ESTE SITE<\/b><\/p>\n<p>Este site, como a grande maioria dos sites, inclui funcionalidades fornecidas por terceiros.<\/p>\n<p>Tamb\u00e9m testamos regularmente novos designs ou servi\u00e7os de terceiros para recomenda\u00e7\u00f5es e relat\u00f3rios.<\/p>\n<p>Isso pode ocasionalmente alterar as configura\u00e7\u00f5es de cookies e fazer com que apare\u00e7am cookies n\u00e3o detalhados nesta pol\u00edtica. \u00c9 importante informar que estes s\u00e3o cookies provis\u00f3rios que nem sempre \u00e9 poss\u00edvel informar e que t\u00eam apenas fins de estudo e avalia\u00e7\u00e3o. Em nenhum caso ser\u00e3o utilizados cookies que comprometam a sua privacidade.<\/p>\n<p>Abaixo, e conforme exigido pelo artigo 22.2 da LSSI, s\u00e3o detalhados os cookies que podem ser comumente instalados durante a navega\u00e7\u00e3o neste site:<\/p>\n<table>\n<tbody>\n<tr>\n<td>\n<p>NOME<\/p>\n<\/td>\n<td>\n<p>DURA\u00c7\u00c3O<\/p>\n<\/td>\n<td>\n<p>FINALIDADE<\/p>\n<\/td>\n<\/tr>\n<tr>\n<td>\n<p>Terceiros persistent_ga<\/p>\n<\/td>\n<td>\n<p>2 anos desde a instala\u00e7\u00e3o<\/p>\n<\/td>\n<td>\n<p>Usado para distinguir usu\u00e1rios. \u00c9 um cookie pertencente ao Google Analytics. <a href=\"https:\/\/www.google.com\/intl\/pt\/policies\/\" target=\"_blank\" rel=\"noopener\">Mais informa\u00e7\u00f5es<\/a><\/p>\n<\/td>\n<\/tr>\n<tr>\n<td>\n<p>Terceiros persistent_gat<\/p>\n<\/td>\n<td>\n<p>10 minutos<\/p>\n<\/td>\n<td>\n<p>Usado para determinar a taxa de rejei\u00e7\u00e3o. \u00c9 um cookie pertencente ao Google Analytics. <a href=\"https:\/\/www.google.com\/intl\/pt\/policies\/\" target=\"_blank\" rel=\"noopener\">Mais informa\u00e7\u00f5es<\/a><\/p>\n<\/td>\n<\/tr>\n<tr>\n<td>\n<p>Terceiros persistent__utma<\/p>\n<\/td>\n<td>\n<p>2 anos desde cada atualiza\u00e7\u00e3o<\/p>\n<\/td>\n<td>\n<p>Este cookie \u00e9 normalmente configurado durante a primeira visita. Se o cookie for eliminado manualmente, ser\u00e1 configurado novamente na pr\u00f3xima visita com um novo ID. Na maioria dos casos, este cookie \u00e9 usado para determinar visitantes \u00fanicos no nosso site e \u00e9 atualizado a cada visualiza\u00e7\u00e3o de p\u00e1gina. Al\u00e9m disso, este cookie tem um ID \u00fanico do Google Analytics que garante tanto a sua validade como a sua acessibilidade como uma medida de seguran\u00e7a adicional. <a href=\"https:\/\/www.google.com\/intl\/pt\/policies\/\" target=\"_blank\" rel=\"noopener\">Mais informa\u00e7\u00f5es<\/a><\/p>\n<\/td>\n<\/tr>\n<tr>\n<td>\n<p>Terceiros persistent__utmb<\/p>\n<\/td>\n<td>\n<p>2 anos desde cada atualiza\u00e7\u00e3o<\/p>\n<\/td>\n<td>\n<p>Este cookie \u00e9 usado para estabelecer e continuar uma sess\u00e3o do usu\u00e1rio no nosso site. Quando um usu\u00e1rio visita uma p\u00e1gina no nosso site, o c\u00f3digo do Google Analytics tenta atualizar este cookie. Se n\u00e3o encontrar o cookie, cria um novo. Cada vez que o usu\u00e1rio visita uma p\u00e1gina diferente, este cookie \u00e9 atualizado para expirar ap\u00f3s 30 minutos, continuando assim a encontrar uma sess\u00e3o \u00fanica em intervalos de 30 minutos. Este cookie expira quando um usu\u00e1rio deixa de visitar o nosso site por um per\u00edodo de 30 minutos. <a href=\"https:\/\/www.google.com\/intl\/pt\/policies\/\" target=\"_blank\" rel=\"noopener\">Mais informa\u00e7\u00f5es<\/a><\/p>\n<\/td>\n<\/tr>\n<tr>\n<td>\n<p>Terceiros persistentAPISID, HSID, NID, SAPISID, SID, SSID<\/p>\n<\/td>\n<td>\n<p>2 anos desde a instala\u00e7\u00e3o<\/p>\n<\/td>\n<td>\n<p>Armazena prefer\u00eancias do usu\u00e1rio e outras informa\u00e7\u00f5es sobre os servi\u00e7os do Google que o usu\u00e1rio possui. <a href=\"https:\/\/www.google.com\/policies\/privacy\/\" target=\"_blank\" rel=\"noopener\">Mais informa\u00e7\u00f5es<\/a><\/p>\n<\/td>\n<\/tr>\n<tr>\n<td>\n<p>Terceiros persistent__utmt<\/p>\n<\/td>\n<td>\n<p>Sess\u00e3o<\/p>\n<\/td>\n<td>\n<p>Historicamente, este cookie operava ao lado do cookie __utmb para determinar se uma nova sess\u00e3o deveria ser estabelecida para o usu\u00e1rio. Atualmente, n\u00e3o \u00e9 utilizado, mas permanece aqui para manter a compatibilidade com o c\u00f3digo urchin.js e ga.js. <a href=\"https:\/\/www.google.com\/intl\/pt\/policies\/\" target=\"_blank\" rel=\"noopener\">Mais informa\u00e7\u00f5es<\/a><\/p>\n<\/td>\n<\/tr>\n<tr>\n<td>\n<p>Terceiros persistent__utmz<\/p>\n<\/td>\n<td>\n<p>6 meses desde cada atualiza\u00e7\u00e3o<\/p>\n<\/td>\n<td>\n<p>Este cookie armazena informa\u00e7\u00f5es sobre refer\u00eancias usadas pelo visitante para chegar ao nosso site, seja diretamente, atrav\u00e9s de um link de refer\u00eancia, de uma pesquisa na web ou de uma campanha publicit\u00e1ria ou de e-mail. \u00c9 usado para calcular o tr\u00e1fego dos motores de busca, campanhas de marketing e navega\u00e7\u00e3o no nosso site. Este cookie \u00e9 atualizado em cada visualiza\u00e7\u00e3o de p\u00e1gina. <a href=\"https:\/\/www.google.com\/intl\/pt\/policies\/\" target=\"_blank\" rel=\"noopener\">Mais informa\u00e7\u00f5es<\/a><\/p>\n<\/td>\n<\/tr>\n<tr>\n<td>\n<p>Terceiros zsltssn<\/p>\n<\/td>\n<td>\n<p>90 dias<\/p>\n<\/td>\n<td>\n<p>Este cookie \u00e9 usado para estabelecer e continuar uma sess\u00e3o do usu\u00e1rio no nosso site. Quando um usu\u00e1rio visita uma p\u00e1gina no nosso site, o c\u00f3digo do Zoho tenta atualizar este cookie. Se n\u00e3o encontrar o cookie, cria um novo. Cada vez que o usu\u00e1rio visita uma p\u00e1gina diferente, este cookie \u00e9 atualizado. Este cookie expira quando um usu\u00e1rio deixa de visitar o nosso site por um per\u00edodo de 90 dias. <a href=\"https:\/\/www.zoho.com\/sites\/cookie-policy\/\" target=\"_blank\" rel=\"noopener\">Mais informa\u00e7\u00f5es<\/a><\/p>\n<\/td>\n<\/tr>\n<tr>\n<td>\n<p>Terceiros zsstssn<\/p>\n<\/td>\n<td>\n<p>30 minutos<\/p>\n<\/td>\n<td>\n<p>Este cookie \u00e9 usado para estabelecer e continuar uma sess\u00e3o do usu\u00e1rio no nosso site. Quando um usu\u00e1rio visita uma p\u00e1gina no nosso site, o c\u00f3digo do Zoho tenta atualizar este cookie. Se n\u00e3o encontrar o cookie, cria um novo. Cada vez que o usu\u00e1rio visita uma p\u00e1gina diferente, este cookie \u00e9 atualizado. Este cookie expira quando um usu\u00e1rio deixa de visitar o nosso site por um per\u00edodo de 30 minutos. <a href=\"https:\/\/www.zoho.com\/sites\/cookie-policy\/\" target=\"_blank\" rel=\"noopener\">Mais informa\u00e7\u00f5es<\/a><\/p>\n<\/td>\n<\/tr>\n<\/tbody>\n<\/table>\n<p><b>3. DESATIVAR COOKIES<\/b><\/p>\n<p>Se n\u00e3o deseja que o site instale cookies no seu computador, pode ajustar o seu navegador para ser notificado antes de qualquer cookie ser descarregado.<\/p>\n<p>Da mesma forma, tamb\u00e9m pode modificar as configura\u00e7\u00f5es do navegador para rejeitar todos os cookies ou apenas cookies de terceiros. Tamb\u00e9m \u00e9 poss\u00edvel excluir quaisquer cookies j\u00e1 no seu computador; para isso, ter\u00e1 de ajustar separadamente as configura\u00e7\u00f5es de cada navegador e dispositivo que utiliza.<\/p>\n<p>Fornecemos aos usu\u00e1rios que desejam impedir a instala\u00e7\u00e3o dos cookies mencionados links fornecidos para navegadores cujo uso \u00e9 considerado mais difundido:<\/p>\n<p>GERENCIAMENTO DE COOKIES PELO NAVEGADOR:<\/p>\n<p>Google Chrome: <a href=\"http:\/\/support.google.com\/chrome\/bin\/answer.py?hl=pt&amp;answer=95647\" target=\"_blank\" rel=\"noopener\">http:\/\/support.google.com\/chrome\/bin\/answer.py?hl=pt&amp;answer=95647<\/a><br \/>Explorer: <a href=\"https:\/\/support.microsoft.com\/pt-pt\/help\/17442\/windows-internet-explorer-delete-manage-cookies\" target=\"_blank\" rel=\"noopener\">https:\/\/support.microsoft.com\/pt-pt\/help\/17442\/windows-internet-explorer-delete-manage-cookies<\/a><\/p>\n<p>Firefox: <a href=\"https:\/\/support.mozilla.org\/pt\/kb\/Desativar%20cookies%20de%20terceiros\" target=\"_blank\" rel=\"noopener\">https:\/\/support.mozilla.org\/pt\/kb\/Desativar%20cookies%20de%20terceiros<\/a><\/p>\n<p>Safari: <a href=\"http:\/\/support.apple.com\/kb\/ph5042\" target=\"_blank\" rel=\"noopener\">http:\/\/support.apple.com\/kb\/ph5042<\/a><\/p>\n<p>Muitos navegadores permitem ativar um modo privado no qual os cookies s\u00e3o sempre eliminados ap\u00f3s a sua visita, e dependendo de cada navegador, este modo privado pode ter nomes diferentes. Abaixo, pode encontrar uma lista dos navegadores mais comuns e os diferentes nomes deste &#8220;modo privado&#8221;:<\/p>\n<p>\u2013 Internet Explorer 8 e superior: InPrivate<\/p>\n<p>\u2013 FireFox 3.5 e superior: Navega\u00e7\u00e3o Privada<\/p>\n<p>\u2013 Google Chrome 10 e superior: Inc\u00f3gnito<\/p>\n<p>\u2013 Safari 2 e superior: Navega\u00e7\u00e3o Privada<\/p>\n<p>\u2013 Opera 10.5 e superior: Navega\u00e7\u00e3o Privada<\/p>\n<p>Leia atentamente a se\u00e7\u00e3o de ajuda do seu navegador para saber mais sobre como ativar o &#8220;modo privado&#8221;. Pode continuar a visitar o nosso site mesmo se o seu navegador estiver em &#8220;modo privado&#8221;; no entanto, a experi\u00eancia do usu\u00e1rio pode n\u00e3o ser \u00f3tima e algumas funcionalidades podem n\u00e3o funcionar.<\/p>\n<p>Se precisar de mais informa\u00e7\u00f5es sobre como bloquear cookies no seu computador, consulte a explica\u00e7\u00e3o fornecida neste link da Web: <a href=\"http:\/\/windows.microsoft.com\/pt-pt\/windows-vista\/block-or-allow-cookies\" target=\"_blank\" rel=\"noopener\">http:\/\/windows.microsoft.com\/pt-pt\/windows-vista\/block-or-allow-cookies<\/a><\/p>\n<p><b>4. ALTERA\u00c7\u00d5ES A ESTA POL\u00cdTICA DE COOKIES<\/b><\/p>\n<p>Poderemos atualizar a Pol\u00edtica de Cookies do nosso site. Portanto, recomendamos que reveja esta pol\u00edtica sempre que aceder ao nosso site para estar devidamente informado sobre como e por que usamos cookies.<\/p>\n<p><b>5. POL\u00cdTICA DE PRIVACIDADE<\/b><\/p>\n<p>Pode ler a nossa pol\u00edtica de privacidade para obter mais informa\u00e7\u00f5es sobre o tratamento de dados pessoais.<\/p>\n<p><b>6. CONTACTO<\/b><\/p>\n<p>Se tiver alguma d\u00favida, coment\u00e1rio ou sugest\u00e3o sobre a Pol\u00edtica de Cookies, escreva para: info@puretechlegal.com<\/p>\n\t\t\t\t\t\t\t\t<\/div>\n\t\t\t\t<\/div>\n\t\t\t\t\t<\/div>\n\t\t\t\t<\/div>\n\t\t\t\t<\/div>\n\t\t","protected":false},"excerpt":{"rendered":"<p>Pol\u00edtica de cookies Compreenda como utilizamos cookies para melhorar a sua experi\u00eancia. Obrigado por visitar este site. Em conformidade com as disposi\u00e7\u00f5es do artigo 22.2 da Lei 34\/2002, de 11 de julho, sobre Servi\u00e7os da Sociedade da Informa\u00e7\u00e3o e Com\u00e9rcio Eletr\u00f4nico, este site informa, nesta se\u00e7\u00e3o, sobre a pol\u00edtica de coleta e processamento de cookies. [&hellip;]<\/p>\n","protected":false},"author":1,"featured_media":0,"parent":0,"menu_order":0,"comment_status":"closed","ping_status":"closed","template":"","meta":{"footnotes":""},"class_list":["post-6102","page","type-page","status-publish","hentry"],"_links":{"self":[{"href":"https:\/\/puretechlegal.com\/pt-pt\/wp-json\/wp\/v2\/pages\/6102","targetHints":{"allow":["GET"]}}],"collection":[{"href":"https:\/\/puretechlegal.com\/pt-pt\/wp-json\/wp\/v2\/pages"}],"about":[{"href":"https:\/\/puretechlegal.com\/pt-pt\/wp-json\/wp\/v2\/types\/page"}],"author":[{"embeddable":true,"href":"https:\/\/puretechlegal.com\/pt-pt\/wp-json\/wp\/v2\/users\/1"}],"replies":[{"embeddable":true,"href":"https:\/\/puretechlegal.com\/pt-pt\/wp-json\/wp\/v2\/comments?post=6102"}],"version-history":[{"count":1,"href":"https:\/\/puretechlegal.com\/pt-pt\/wp-json\/wp\/v2\/pages\/6102\/revisions"}],"predecessor-version":[{"id":6103,"href":"https:\/\/puretechlegal.com\/pt-pt\/wp-json\/wp\/v2\/pages\/6102\/revisions\/6103"}],"wp:attachment":[{"href":"https:\/\/puretechlegal.com\/pt-pt\/wp-json\/wp\/v2\/media?parent=6102"}],"curies":[{"name":"wp","href":"https:\/\/api.w.org\/{rel}","templated":true}]}}