{"id":6067,"date":"2024-06-22T07:26:39","date_gmt":"2024-06-22T07:26:39","guid":{"rendered":"https:\/\/puretechlegal.com\/quem-somos-nos\/"},"modified":"2025-05-20T10:16:43","modified_gmt":"2025-05-20T10:16:43","slug":"quem-somos-nos","status":"publish","type":"page","link":"https:\/\/puretechlegal.com\/pt-pt\/quem-somos-nos\/","title":{"rendered":"Quem somos n\u00f3s?"},"content":{"rendered":"\t\t<div data-elementor-type=\"wp-page\" data-elementor-id=\"6067\" class=\"elementor elementor-6067 elementor-1984\" data-elementor-post-type=\"page\">\n\t\t\t\t<div class=\"elementor-element elementor-element-288d5ec e-flex e-con-boxed e-con e-parent\" data-id=\"288d5ec\" data-element_type=\"container\" data-e-type=\"container\" data-settings=\"{&quot;background_background&quot;:&quot;gradient&quot;}\">\n\t\t\t\t\t<div class=\"e-con-inner\">\n\t\t<div class=\"elementor-element elementor-element-1c9acef e-con-full e-flex e-con e-child\" data-id=\"1c9acef\" data-element_type=\"container\" data-e-type=\"container\">\n\t\t\t\t<div class=\"elementor-element elementor-element-27d3d22 elementor-widget elementor-widget-heading\" data-id=\"27d3d22\" data-element_type=\"widget\" data-e-type=\"widget\" data-widget_type=\"heading.default\">\n\t\t\t\t<div class=\"elementor-widget-container\">\n\t\t\t\t\t<h1 class=\"elementor-heading-title elementor-size-default\">Quem Somos N\u00f3s?<\/h1>\t\t\t\t<\/div>\n\t\t\t\t<\/div>\n\t\t\t\t<div class=\"elementor-element elementor-element-caa1e1e elementor-widget__width-auto elementor-widget elementor-widget-heading\" data-id=\"caa1e1e\" data-element_type=\"widget\" data-e-type=\"widget\" data-widget_type=\"heading.default\">\n\t\t\t\t<div class=\"elementor-widget-container\">\n\t\t\t\t\t<h2 class=\"elementor-heading-title elementor-size-default\">Sobre n\u00f3s<\/h2>\t\t\t\t<\/div>\n\t\t\t\t<\/div>\n\t\t\t\t<\/div>\n\t\t\t\t\t<\/div>\n\t\t\t\t<\/div>\n\t\t<div class=\"elementor-element elementor-element-a09e923 e-flex e-con-boxed e-con e-parent\" data-id=\"a09e923\" data-element_type=\"container\" data-e-type=\"container\">\n\t\t\t\t\t<div class=\"e-con-inner\">\n\t\t<div class=\"elementor-element elementor-element-c040e77 e-con-full e-flex e-con e-child\" data-id=\"c040e77\" data-element_type=\"container\" data-e-type=\"container\">\n\t\t\t\t<div class=\"elementor-element elementor-element-95affb1 elementor-position-left elementor-vertical-align-top elementor-widget elementor-widget-image-box\" data-id=\"95affb1\" data-element_type=\"widget\" data-e-type=\"widget\" data-widget_type=\"image-box.default\">\n\t\t\t\t<div class=\"elementor-widget-container\">\n\t\t\t\t\t<div class=\"elementor-image-box-wrapper\"><figure class=\"elementor-image-box-img\"><img decoding=\"async\" width=\"300\" height=\"154\" src=\"https:\/\/puretechlegal.com\/wp-content\/uploads\/2024\/08\/logo-afestelc-300x154.png\" class=\"attachment-medium size-medium wp-image-694\" alt=\"\" \/><\/figure><div class=\"elementor-image-box-content\"><h3 class=\"elementor-image-box-title\">Afestel<\/h3><p class=\"elementor-image-box-description\"><p>Com mais de 6.000 membros, a Afestel \u00e9 a maior plataforma para aqueles afetados pelo defeito de f\u00e1brica dos motores Puretech em Espanha.<\/p>\n\n<p>Estabelecida como uma associa\u00e7\u00e3o sem fins lucrativos, a sua miss\u00e3o \u00e9 sensibilizar sobre o problema e ajudar todos os afetados a serem compensados pelos danos sofridos.<\/p>\n<a href=\"https:\/\/afectadoscorreapsa.com\/\" target=\"_blank\" rel=\"noopener\">Ver mais<\/a><\/p><\/div><\/div>\t\t\t\t<\/div>\n\t\t\t\t<\/div>\n\t\t\t\t<\/div>\n\t\t<div class=\"elementor-element elementor-element-927db91 e-con-full e-flex e-con e-child\" data-id=\"927db91\" data-element_type=\"container\" data-e-type=\"container\">\n\t\t\t\t<div class=\"elementor-element elementor-element-33be1f3 elementor-position-left elementor-vertical-align-top elementor-widget elementor-widget-image-box\" data-id=\"33be1f3\" data-element_type=\"widget\" data-e-type=\"widget\" data-widget_type=\"image-box.default\">\n\t\t\t\t<div class=\"elementor-widget-container\">\n\t\t\t\t\t<div class=\"elementor-image-box-wrapper\"><figure class=\"elementor-image-box-img\"><img decoding=\"async\" width=\"49\" height=\"45\" src=\"https:\/\/puretechlegal.com\/wp-content\/uploads\/2024\/07\/logo-despacho-e1724857580238.png\" class=\"attachment-medium size-medium wp-image-616\" alt=\"\" \/><\/figure><div class=\"elementor-image-box-content\"><h3 class=\"elementor-image-box-title\">Advogados e Consultores<\/h3><p class=\"elementor-image-box-description\"><p>T\u00eam mais de 20 anos de experi\u00eancia em casos semelhantes, tendo litigado e derrotado repetidamente marcas t\u00e3o renomadas como a BMW.<\/p>\n\n<p>Christian Delgado, premiado pela revista Best Lawyers, chegou a um acordo com a Afestel para defender os interesses de todos os seus membros em todo o pa\u00eds.<\/p>\n<a href=\"https:\/\/abogados-consultores.es\/\" target=\"_blank\" rel=\"noopener\">Ver mais<\/a><\/p><\/div><\/div>\t\t\t\t<\/div>\n\t\t\t\t<\/div>\n\t\t\t\t<\/div>\n\t\t\t\t\t<\/div>\n\t\t\t\t<\/div>\n\t\t<div class=\"elementor-element elementor-element-da46bf5 e-flex e-con-boxed e-con e-parent\" data-id=\"da46bf5\" data-element_type=\"container\" data-e-type=\"container\">\n\t\t\t\t\t<div class=\"e-con-inner\">\n\t\t\t\t<div class=\"elementor-element elementor-element-b4d7bdb elementor-widget elementor-widget-heading\" data-id=\"b4d7bdb\" data-element_type=\"widget\" data-e-type=\"widget\" data-widget_type=\"heading.default\">\n\t\t\t\t<div class=\"elementor-widget-container\">\n\t\t\t\t\t<h2 class=\"elementor-heading-title elementor-size-default\">Hor\u00e1rio<\/h2>\t\t\t\t<\/div>\n\t\t\t\t<\/div>\n\t\t\t\t\t<\/div>\n\t\t\t\t<\/div>\n\t\t\t\t<\/div>\n\t\t","protected":false},"excerpt":{"rendered":"<p>Quem Somos N\u00f3s? Sobre n\u00f3s Afestel Com mais de 6.000 membros, a Afestel \u00e9 a maior plataforma para aqueles afetados pelo defeito de f\u00e1brica dos motores Puretech em Espanha. Estabelecida como uma associa\u00e7\u00e3o sem fins lucrativos, a sua miss\u00e3o \u00e9 sensibilizar sobre o problema e ajudar todos os afetados a serem compensados pelos danos sofridos. [&hellip;]<\/p>\n","protected":false},"author":1,"featured_media":0,"parent":0,"menu_order":0,"comment_status":"closed","ping_status":"closed","template":"","meta":{"footnotes":""},"class_list":["post-6067","page","type-page","status-publish","hentry"],"_links":{"self":[{"href":"https:\/\/puretechlegal.com\/pt-pt\/wp-json\/wp\/v2\/pages\/6067","targetHints":{"allow":["GET"]}}],"collection":[{"href":"https:\/\/puretechlegal.com\/pt-pt\/wp-json\/wp\/v2\/pages"}],"about":[{"href":"https:\/\/puretechlegal.com\/pt-pt\/wp-json\/wp\/v2\/types\/page"}],"author":[{"embeddable":true,"href":"https:\/\/puretechlegal.com\/pt-pt\/wp-json\/wp\/v2\/users\/1"}],"replies":[{"embeddable":true,"href":"https:\/\/puretechlegal.com\/pt-pt\/wp-json\/wp\/v2\/comments?post=6067"}],"version-history":[{"count":1,"href":"https:\/\/puretechlegal.com\/pt-pt\/wp-json\/wp\/v2\/pages\/6067\/revisions"}],"predecessor-version":[{"id":6084,"href":"https:\/\/puretechlegal.com\/pt-pt\/wp-json\/wp\/v2\/pages\/6067\/revisions\/6084"}],"wp:attachment":[{"href":"https:\/\/puretechlegal.com\/pt-pt\/wp-json\/wp\/v2\/media?parent=6067"}],"curies":[{"name":"wp","href":"https:\/\/api.w.org\/{rel}","templated":true}]}}