{"id":5091,"date":"2024-06-30T14:27:36","date_gmt":"2024-06-30T14:27:36","guid":{"rendered":"https:\/\/puretechlegal.com\/politica-dei-cookie\/"},"modified":"2025-05-16T11:38:02","modified_gmt":"2025-05-16T11:38:02","slug":"politica-dei-cookie","status":"publish","type":"page","link":"https:\/\/puretechlegal.com\/it\/politica-dei-cookie\/","title":{"rendered":"Politica dei cookie"},"content":{"rendered":"\t\t<div data-elementor-type=\"wp-page\" data-elementor-id=\"5091\" class=\"elementor elementor-5091 elementor-542\" data-elementor-post-type=\"page\">\n\t\t\t\t<div class=\"elementor-element elementor-element-c012b9b e-flex e-con-boxed e-con e-parent\" data-id=\"c012b9b\" data-element_type=\"container\" data-e-type=\"container\" data-settings=\"{&quot;background_background&quot;:&quot;gradient&quot;}\">\n\t\t\t\t\t<div class=\"e-con-inner\">\n\t\t<div class=\"elementor-element elementor-element-453bab4 e-con-full e-flex e-con e-child\" data-id=\"453bab4\" data-element_type=\"container\" data-e-type=\"container\">\n\t\t\t\t<div class=\"elementor-element elementor-element-ae25305 elementor-widget elementor-widget-heading\" data-id=\"ae25305\" data-element_type=\"widget\" data-e-type=\"widget\" data-widget_type=\"heading.default\">\n\t\t\t\t<div class=\"elementor-widget-container\">\n\t\t\t\t\t<h1 class=\"elementor-heading-title elementor-size-default\">Informativa sui cookie<\/h1>\t\t\t\t<\/div>\n\t\t\t\t<\/div>\n\t\t\t\t<div class=\"elementor-element elementor-element-4e58ed4 elementor-widget__width-auto elementor-widget elementor-widget-heading\" data-id=\"4e58ed4\" data-element_type=\"widget\" data-e-type=\"widget\" data-widget_type=\"heading.default\">\n\t\t\t\t<div class=\"elementor-widget-container\">\n\t\t\t\t\t<h2 class=\"elementor-heading-title elementor-size-default\">Capisci come utilizziamo i cookie per migliorare la tua esperienza.<\/h2>\t\t\t\t<\/div>\n\t\t\t\t<\/div>\n\t\t\t\t<\/div>\n\t\t\t\t\t<\/div>\n\t\t\t\t<\/div>\n\t\t<div class=\"elementor-element elementor-element-c387446 e-flex e-con-boxed e-con e-parent\" data-id=\"c387446\" data-element_type=\"container\" data-e-type=\"container\">\n\t\t\t\t\t<div class=\"e-con-inner\">\n\t\t\t\t<div class=\"elementor-element elementor-element-d3c2b97 elementor-widget elementor-widget-text-editor\" data-id=\"d3c2b97\" data-element_type=\"widget\" data-e-type=\"widget\" data-widget_type=\"text-editor.default\">\n\t\t\t\t<div class=\"elementor-widget-container\">\n\t\t\t\t\t\t\t\t\t<p>Grazie per aver visitato questo sito web. In ottemperanza a quanto previsto dall&#8217;articolo 22.2 della Legge 34\/2002, dell&#8217;11 luglio, sui Servizi della Societ\u00e0 dell&#8217;Informazione e del Commercio Elettronico, questo Sito Web fornisce, in questa sezione, informazioni sulla politica di raccolta e trattamento dei cookie.<\/p>\n<p>Cosa sono i Cookie?<br \/>\nI cookie sono piccoli file di testo che alcuni server memorizzano sul nostro disco rigido con il nostro consenso e che contengono informazioni su ci\u00f2 che abbiamo fatto sulle loro pagine (tempo trascorso su uno schermo specifico, ottenimento di informazioni specifiche su un determinato prodotto, ecc.). La maggior parte dei cookie ha una data di scadenza che pu\u00f2 variare dal tempo della sessione a una data futura specificata, dopo la quale diventano inattivi.<\/p>\n<p>1. I COOKIE UTILIZZATI DA QUESTO SITO WEB<br \/>\nI cookie utilizzati su questo Sito Web sono associati solo a un utente anonimo e al suo computer, non forniscono riferimenti che permettano di dedurre il nome e cognome dell&#8217;utente e non possono leggere dati dal disco rigido n\u00e9 includere virus nei loro testi. Il nostro Sito Web non pu\u00f2 leggere neanche i cookie impiantati sul disco rigido dell&#8217;Utente da altri server.<\/p>\n<p>L&#8217;utente pu\u00f2 liberamente decidere se accettare o rifiutare l&#8217;impianto dei cookie utilizzati sul nostro Sito Web sul proprio disco rigido. In tal senso, l&#8217;utente pu\u00f2 configurare il proprio browser per accettare o rifiutare per impostazione predefinita tutti i cookie o per ricevere un avviso a schermo della ricezione di ciascun cookie e decidere in quel momento se impiantarli o meno sul proprio disco rigido. A tal fine, si consiglia di consultare la sezione di aiuto del proprio browser per sapere come modificare le impostazioni attualmente in uso.<\/p>\n<p>Come utente, hai il diritto di rifiutare tutti i cookie o consentire solo quelli che ritieni necessari e potrai navigare normalmente sul nostro Sito Web, con l&#8217;unica limitazione di non poter godere di determinate funzionalit\u00e0 che richiedono l&#8217;installazione di un cookie sul tuo server. In ogni caso, l&#8217;Utente potr\u00e0 eliminare i cookie impiantati sul proprio disco rigido in qualsiasi momento, seguendo la procedura stabilita nella sezione di aiuto del proprio browser e che dettaglieremo successivamente.<\/p>\n<p>In base ai termini dell&#8217;articolo 22.2 della Legge 34\/2002 sui Servizi della Societ\u00e0 dell&#8217;Informazione e del Commercio Elettronico, se decidi di continuare a navigare con tutti i cookie abilitati, fornirai il tuo consenso all&#8217;uso dei cookie che dettagliamo di seguito.<\/p>\n<p>I cookie di questo Sito Web aiutano a:<br \/>\n&#8211; Far funzionare correttamente questo Sito Web;<br \/>\n&#8211; Consentire la visualizzazione di video o altri contenuti multimediali;<br \/>\n&#8211; Migliorare la velocit\u00e0\/sicurezza del Sito Web;<br \/>\n&#8211; Consentire di condividere pagine con i tuoi social network;<br \/>\n&#8211; Salvare le password degli utenti per visite future.<\/p>\n<p>Non utilizziamo mai i cookie per:<br \/>\n&#8211; Raccogliere informazioni di identificazione personale (senza il tuo esplicito consenso);<br \/>\n&#8211; Raccogliere informazioni sensibili (senza il tuo esplicito consenso);<br \/>\n&#8211; Condividere dati di identificazione personale con terzi.<\/p>\n<p>2. COOKIE DI TERZI UTILIZZATI DA QUESTO SITO WEB<br \/>\nQuesto Sito Web, come la maggior parte dei Siti Web, include funzionalit\u00e0 fornite da terzi.<\/p>\n<p>Vengono regolarmente testati nuovi design o servizi di terzi per raccomandazioni e report.<\/p>\n<p>Questo pu\u00f2 modificare occasionalmente le impostazioni dei cookie e far apparire cookie non dettagliati nella presente politica. \u00c8 importante informarti che si tratta di cookie temporanei che non \u00e8 sempre possibile segnalare e che hanno solo scopi di studio e valutazione. In nessun caso verranno utilizzati cookie che compromettano la tua privacy.<\/p>\n<p>Di seguito, e come richiesto dall&#8217;articolo 22.2 della LSSI, vengono dettagliati i cookie che possono essere comunemente installati durante la navigazione su questo Sito Web:<\/p>\n<p>NOME &#8211; DURATA &#8211; SCOPO<br \/>\n&#8211; Terceros persistente_ga &#8211; 2 anni dalla configurazione &#8211; Usato per distinguere gli utenti. \u00c8 un cookie di Google Analytics. Maggiori informazioni<br \/>\n&#8211; Terceros persistente_gat &#8211; 10 minuti &#8211; Usato per conoscere il tasso di ricarica. \u00c8 un cookie di Google Analytics. Maggiori informazioni<br \/>\n&#8211; Terceros persistente__utma &#8211; 2 anni da ogni aggiornamento &#8211; Di solito impostato durante la prima visita. Se il cookie viene eliminato manualmente, verr\u00e0 ripristinato alla visita successiva con un nuovo ID. Nella maggior parte dei casi, questo cookie viene utilizzato per determinare i visitatori unici al nostro sito ed \u00e8 aggiornato ad ogni visualizzazione della pagina. Inoltre, questo cookie ha un ID univoco di Google Analytics che garantisce sia la sua validit\u00e0 che la sua accessibilit\u00e0 come misura di sicurezza aggiuntiva. Maggiori informazioni<br \/>\n&#8211; Terceros persistente__utmb &#8211; 2 anni da ogni aggiornamento &#8211; Usato per stabilire e mantenere una sessione utente sul nostro sito. Quando un utente visita una pagina sul nostro sito, il codice di Google Analytics cerca di aggiornare questo cookie. Se non trova il cookie, ne crea uno nuovo. Ogni volta che l&#8217;utente visita una pagina diversa, questo cookie viene aggiornato per scadere dopo 30 minuti, in modo da continuare a trovare una sessione unica a intervalli di 30 minuti. Questo cookie scade quando un utente smette di visitare il nostro sito per un periodo di 30 minuti. Maggiori informazioni<br \/>\n&#8211; Terceros persistenteAPISID, HSID, NID, SAPISID, SID, SSID &#8211; 2 anni dall&#8217;installazione &#8211; Salva le preferenze dell&#8217;utente e altre informazioni sui servizi di Google che l&#8217;utente ha. Maggiori informazioni<br \/>\n&#8211; Terceros persistente__utmt &#8211; Di sessione &#8211; Storicamente, questo cookie operava insieme al cookie __utmb per determinare se doveva essere stabilita una nuova sessione per l&#8217;utente. Oggi non viene utilizzato ma rimane qui per mantenere la compatibilit\u00e0 con il codice di theurchin.js e ga.js. Maggiori informazioni<br \/>\n&#8211; Terceros persistente__utmz &#8211; 6 mesi da ogni aggiornamento &#8211; Memorizza le informazioni sui riferimenti utilizzati dal visitatore per raggiungere il nostro sito, sia direttamente, tramite un link di riferimento, una ricerca web o una campagna pubblicitaria o via email. Viene utilizzato per calcolare il traffico proveniente dai motori di ricerca, dalle campagne di marketing e dalla navigazione sul nostro sito. Questo cookie viene aggiornato ad ogni visualizzazione della pagina. Maggiori informazioni<br \/>\n&#8211; Terceros zsltssn &#8211; 90 giorni &#8211; Usato per stabilire e mantenere una sessione utente sul nostro sito. Quando un utente visita una pagina sul nostro sito, il codice di Zoho cerca di aggiornare questo cookie. Se non trova il cookie, ne crea uno nuovo. Ogni volta che l&#8217;utente visita una pagina diversa, questo cookie viene aggiornato. Questo cookie scade quando un utente smette di visitare il nostro sito per un periodo di 90 giorni. Maggiori informazioni<br \/>\n&#8211; Terceros zsstssn &#8211; 30 minuti &#8211; Usato per stabilire e mantenere una sessione utente sul nostro sito. Quando un utente visita una pagina sul nostro sito, il codice di Zoho cerca di aggiornare questo cookie. Se non trova il cookie, ne crea uno nuovo. Ogni volta che l&#8217;utente visita una pagina diversa, questo cookie viene aggiornato. Questo cookie scade quando un utente smette di visitare il nostro sito per un periodo di 30 minuti. Maggiori informazioni<\/p>\n<p>3. DISATTIVAZIONE DEI COOKIE<br \/>\nNel caso in cui non desideri che il Sito Web installi alcun cookie sul tuo computer, \u00e8 possibile configurare il tuo browser in modo che ti avverta prima che venga scaricato qualsiasi cookie.<\/p>\n<p>Inoltre, \u00e8 possibile modificare anche le impostazioni del browser in modo che rifiuti tutti i cookie o solo i cookie di terzi. \u00c8 inoltre possibile eliminare eventuali cookie gi\u00e0 presenti sul tuo computer; per farlo dovrai adattare separatamente le impostazioni di ciascun browser e computer che utilizzi.<\/p>\n<p>Mettiamo a disposizione degli utenti che desiderano impedire l&#8217;installazione dei suddetti cookie, link forniti dai browser il cui utilizzo \u00e8 considerato pi\u00f9 diffuso:<\/p>\n<p>AMMINISTRAZIONE DEI COOKIE PER BROWSER:<br \/>\nGoogle Chrome: http:\/\/support.google.com\/chrome\/bin\/answer.py?hl=es&amp;answer=95647<br \/>\nExplorer: https:\/\/support.microsoft.com\/en-us\/help\/17442\/windows-internet-explorer-delete-manage-cookies<br \/>\nFirefox: https:\/\/support.mozilla.org\/es\/kb\/Deshabilitar%20cookies%20de%20terceros<br \/>\nSafari: http:\/\/support.apple.com\/kb\/ph5042<\/p>\n<p>Molti browser consentono di attivare una modalit\u00e0 privata in cui i cookie vengono sempre cancellati dopo la visita e, a seconda di ciascun browser, questa modalit\u00e0 privata pu\u00f2 avere nomi diversi. Di seguito puoi trovare un elenco dei browser pi\u00f9 comuni e i diversi nomi di questa &#8220;modalit\u00e0 privata&#8221;:<\/p>\n<p>&#8211; Internet Explorer 8 e versioni successive: InPrivate<br \/>\n&#8211; FireFox 3.5 e versioni successive: Navigazione Privata<br \/>\n&#8211; Google Chrome 10 e versioni successive: Incognito<br \/>\n&#8211; Safari 2 e versioni successive: Navigazione Privata<br \/>\n&#8211; Opera 10.5 e versioni successive: Navigazione Privata<\/p>\n<p>Si prega di leggere attentamente la sezione di aiuto del tuo browser per saperne di pi\u00f9 su come attivare la &#8220;modalit\u00e0 privata&#8221;. Potrai continuare a visitare il nostro Sito Web anche se il tuo browser \u00e8 in &#8220;modalit\u00e0 privata&#8221;, tuttavia, l&#8217;esperienza dell&#8217;utente potrebbe non essere ottimale e alcune funzionalit\u00e0 potrebbero non funzionare.<\/p>\n<p>Se hai bisogno di ulteriori informazioni sul blocco dei cookie sul tuo computer, non esitare a seguire le istruzioni fornite in questo link Web: http:\/\/windows.microsoft.com\/es-es\/windows-vista\/block-or-allow-cookies<\/p>\n<p>4. MODIFICHE A QUESTA POLITICA DEI COOKIE<br \/>\nPotremmo aggiornare la Politica dei Cookie del nostro Sito Web. Ti consigliamo quindi di rivedere questa politica ogni volta che accedi al nostro Sito Web per essere adeguatamente informato su come e perch\u00e9 utilizziamo i cookie.<\/p>\n<p>5. POLITICA SULLA PRIVACY<br \/>\nPuoi leggere la nostra politica sulla privacy per ulteriori informazioni sul trattamento dei dati personali.<\/p>\n<p>6. CONTATTO<br \/>\nSe hai domande, commenti o suggerimenti sulla Politica dei Cookie, ti preghiamo di scrivere a: info@puretechlegal.com<\/p>\n\t\t\t\t\t\t\t\t<\/div>\n\t\t\t\t<\/div>\n\t\t\t\t\t<\/div>\n\t\t\t\t<\/div>\n\t\t\t\t<\/div>\n\t\t","protected":false},"excerpt":{"rendered":"<p>Informativa sui cookie Capisci come utilizziamo i cookie per migliorare la tua esperienza. Grazie per aver visitato questo sito web. In ottemperanza a quanto previsto dall&#8217;articolo 22.2 della Legge 34\/2002, dell&#8217;11 luglio, sui Servizi della Societ\u00e0 dell&#8217;Informazione e del Commercio Elettronico, questo Sito Web fornisce, in questa sezione, informazioni sulla politica di raccolta e trattamento [&hellip;]<\/p>\n","protected":false},"author":1,"featured_media":0,"parent":0,"menu_order":0,"comment_status":"closed","ping_status":"closed","template":"","meta":{"footnotes":""},"class_list":["post-5091","page","type-page","status-publish","hentry"],"_links":{"self":[{"href":"https:\/\/puretechlegal.com\/it\/wp-json\/wp\/v2\/pages\/5091","targetHints":{"allow":["GET"]}}],"collection":[{"href":"https:\/\/puretechlegal.com\/it\/wp-json\/wp\/v2\/pages"}],"about":[{"href":"https:\/\/puretechlegal.com\/it\/wp-json\/wp\/v2\/types\/page"}],"author":[{"embeddable":true,"href":"https:\/\/puretechlegal.com\/it\/wp-json\/wp\/v2\/users\/1"}],"replies":[{"embeddable":true,"href":"https:\/\/puretechlegal.com\/it\/wp-json\/wp\/v2\/comments?post=5091"}],"version-history":[{"count":1,"href":"https:\/\/puretechlegal.com\/it\/wp-json\/wp\/v2\/pages\/5091\/revisions"}],"predecessor-version":[{"id":5095,"href":"https:\/\/puretechlegal.com\/it\/wp-json\/wp\/v2\/pages\/5091\/revisions\/5095"}],"wp:attachment":[{"href":"https:\/\/puretechlegal.com\/it\/wp-json\/wp\/v2\/media?parent=5091"}],"curies":[{"name":"wp","href":"https:\/\/api.w.org\/{rel}","templated":true}]}}