{"id":5049,"date":"2024-06-30T14:19:13","date_gmt":"2024-06-30T14:19:13","guid":{"rendered":"https:\/\/puretechlegal.com\/privacy-policy\/"},"modified":"2025-05-16T11:38:36","modified_gmt":"2025-05-16T11:38:36","slug":"privacy-policy","status":"publish","type":"page","link":"https:\/\/puretechlegal.com\/it\/privacy-policy\/","title":{"rendered":"Privacy policy"},"content":{"rendered":"\t\t<div data-elementor-type=\"wp-page\" data-elementor-id=\"5049\" class=\"elementor elementor-5049 elementor-525\" data-elementor-post-type=\"page\">\n\t\t\t\t<div class=\"elementor-element elementor-element-acb4d2e e-flex e-con-boxed e-con e-parent\" data-id=\"acb4d2e\" data-element_type=\"container\" data-e-type=\"container\" data-settings=\"{&quot;background_background&quot;:&quot;gradient&quot;}\">\n\t\t\t\t\t<div class=\"e-con-inner\">\n\t\t<div class=\"elementor-element elementor-element-93634ff e-con-full e-flex e-con e-child\" data-id=\"93634ff\" data-element_type=\"container\" data-e-type=\"container\">\n\t\t\t\t<div class=\"elementor-element elementor-element-f8c3298 elementor-widget elementor-widget-heading\" data-id=\"f8c3298\" data-element_type=\"widget\" data-e-type=\"widget\" data-widget_type=\"heading.default\">\n\t\t\t\t<div class=\"elementor-widget-container\">\n\t\t\t\t\t<h1 class=\"elementor-heading-title elementor-size-default\">Privacy policy<\/h1>\t\t\t\t<\/div>\n\t\t\t\t<\/div>\n\t\t\t\t<div class=\"elementor-element elementor-element-53261a7 elementor-widget__width-auto elementor-widget elementor-widget-heading\" data-id=\"53261a7\" data-element_type=\"widget\" data-e-type=\"widget\" data-widget_type=\"heading.default\">\n\t\t\t\t<div class=\"elementor-widget-container\">\n\t\t\t\t\t<h2 class=\"elementor-heading-title elementor-size-default\">Come prendiamo cura e gestiamo le tue informazioni personali<\/h2>\t\t\t\t<\/div>\n\t\t\t\t<\/div>\n\t\t\t\t<\/div>\n\t\t\t\t\t<\/div>\n\t\t\t\t<\/div>\n\t\t<div class=\"elementor-element elementor-element-df97973 e-flex e-con-boxed e-con e-parent\" data-id=\"df97973\" data-element_type=\"container\" data-e-type=\"container\">\n\t\t\t\t\t<div class=\"e-con-inner\">\n\t\t\t\t<div class=\"elementor-element elementor-element-22aac19 elementor-widget elementor-widget-text-editor\" data-id=\"22aac19\" data-element_type=\"widget\" data-e-type=\"widget\" data-widget_type=\"text-editor.default\">\n\t\t\t\t<div class=\"elementor-widget-container\">\n\t\t\t\t\t\t\t\t\t<p><b>INFORMATIVA SULLA PROTEZIONE DEI DATI<\/b>\u00a0<\/p>\n<p>\u00a0<\/p>\n<p>Grazie per aver visitato questo sito web.<\/p>\n<p>\u00a0<\/p>\n<p>Leggi attentamente i Termini e le Condizioni contenuti in questo documento, poich\u00e9 l&#8217;uso di questo sito web implica l&#8217;accettazione espressa e completa degli stessi, nella versione pubblicata al momento dell&#8217;accesso a ciascuna delle pagine web localizzabili sotto il dominio www.puretechlegal.com e i rispettivi sottodomini e sottocartelle. Ti consigliamo di rileggere questo documento ogni volta che accedi al sito web per verificare se ci sono state modifiche alle condizioni d&#8217;uso e di abbandonarlo se non sei d&#8217;accordo con tali modifiche. Se riteniamo che certe modifiche siano importanti, aggiorneremo la data dell&#8217;ultima modifica nella parte superiore di questa pagina. Sarai responsabile di controllare e familiarizzarti con qualsiasi modifica apportata.<\/p>\n<p>\u00a0<\/p>\n<p>\u00a0<b>1. IDENTIFICAZIONE<\/b>\u00a0<\/p>\n<p>In conformit\u00e0 con l&#8217;obbligo di informazione previsto dall&#8217;articolo 10 della Legge 34\/2002, dell&#8217;11 luglio, sui Servizi della Societ\u00e0 dell&#8217;Informazione e del Commercio Elettronico con la legislazione vigente in materia di protezione dei dati, in particolare, la Legge organica 3\/2018, del 5 dicembre, sulla protezione dei dati personali e la garanzia dei diritti digitali (LOPDGDD) che attua pienamente il Regolamento (UE) 2016\/679 del Parlamento Europeo e del Consiglio del 27 aprile 2016 relativo alla protezione delle persone fisiche per quanto riguarda il trattamento dei dati personali e la libera circolazione di tali dati (GDPR).<\/p>\n<p><b>Titolare del sito web:\u00a0<\/b>AUTOMATED LEGAL SL (di seguito\u00a0<b>L&#8217;AZIENDA<\/b>)<\/p>\n<p><b>Nome Commerciale: <\/b>PURETECH LEGAL<\/p>\n<p><b>CIF:<\/b>B-70897822<\/p>\n<p><b>2. COMUNICAZIONE<\/b><\/p>\n<p><b>\u00a0<\/b>Per contattarci per qualsiasi questione relativa al contenuto di questo Avviso Legale, mettiamo a disposizione diversi mezzi di contatto che dettagliamo di seguito:<\/p>\n<p><b>Indirizzo email:<\/b>\u00a0info@puretechlegal.com<\/p>\n<p><b>Sito web:<\/b>\u00a0www.puretechlegal.com<\/p>\n<p>\u00a0<\/p>\n<p>Tutte le notifiche e le comunicazioni fornite in questa sezione saranno considerate efficaci, per tutti gli effetti, quando vengono effettuate tramite uno qualsiasi dei mezzi sopra indicati.<\/p>\n<p>\u00a0<\/p>\n<p>Noi comprendiamo che la privacy e la sicurezza delle tue informazioni personali sono estremamente importanti. Per questo motivo, questa politica stabilisce cosa facciamo con le tue informazioni e cosa facciamo per mantenerle sicure. Spiega anche dove e come raccogliamo le tue informazioni personali, nonch\u00e9 i tuoi diritti su qualsiasi informazione personale che abbiamo su di te.<\/p>\n<p>\u00a0<\/p>\n<p><b>Cosa \u00e8 il nuovo Regolamento sulla Protezione dei Dati?<\/b><\/p>\n<p>\u00c8 una nuova normativa europea. Questo Regolamento unifica i criteri di riservatezza e trattamento dei dati personali a livello comunitario e adatta la loro gestione ai nuovi contesti digitali, come internet e le app per dispositivi mobili. In questo modo, avrai maggior controllo sui tuoi dati.<\/p>\n<p>\u00a0<\/p>\n<p><b>Quando entrer\u00e0 in vigore la nuova normativa?<\/b><\/p>\n<p>L&#8217;Unione Europea ha approvato il Regolamento nel 2016. Gli Stati membri devono applicarlo a partire dal 25 maggio 2018.<\/p>\n<p>\u00a0<\/p>\n<p><b>Quali cambiamenti comporter\u00e0 per te?<\/b><\/p>\n<p>La normativa europea aggiunge nuovi diritti a quelli previsti dalla normativa spagnola attuale. Per questo motivo, dobbiamo aggiornare le informazioni a tua disposizione sulle misure di protezione dei dati della nostra azienda. Chiederemo anche il tuo consenso per poter trattare i tuoi dati in alcuni nuovi casi. In questo modo, potremo offrirti un servizio pi\u00f9 adatto alle tue esigenze.<\/p>\n<p>\u00a0<\/p>\n<p><b>Quali misure abbiamo adottato per garantire la riservatezza, l&#8217;integrit\u00e0 e la sicurezza dei tuoi dati?<\/b><\/p>\n<ul>\n<li>Chiediamo solo la quantit\u00e0 minima di informazioni necessarie, raccogliendo solo ci\u00f2 che riteniamo essenziale per fare affari o per la transazione specifica che corrisponde;<\/li>\n<\/ul>\n<ul>\n<li>Abbiamo stipulato una serie di accordi di riservatezza con tutti i nostri fornitori, personale e collaboratori;<\/li>\n<\/ul>\n<ul>\n<li>Abbiamo un consulente specializzato che non solo ci assister\u00e0 in modo permanente in questo settore, ma effettuer\u00e0 anche controlli periodici per garantire il corretto rispetto di questa normativa;<\/li>\n<\/ul>\n<ul>\n<li>Abbiamo stabilito una serie di misure di sicurezza informatica che ci proteggeranno da possibili attacchi esterni;<\/li>\n<\/ul>\n<ul>\n<li>Abbiamo revisionato tutta la nostra documentazione in modo che sia adeguata secondo quanto stabilito nel nuovo regolamento;<\/li>\n<\/ul>\n<ul>\n<li>Abbiamo valutato l&#8217;impatto che i nostri procedimenti possono avere sulla protezione dei tuoi dati personali;<\/li>\n<\/ul>\n<ul>\n<li>Abbiamo formato il nostro personale affinch\u00e9 tutti possiamo agire in modo diligente ed etico, rispettando tutte le richieste previste nel nuovo regolamento.<\/li>\n<\/ul>\n<p><b>\u00a0<\/b><\/p>\n<p><b>Principi che applicheremo alle tue informazioni personali<\/b><\/p>\n<p>Nel trattamento dei tuoi dati personali, applicheremo i seguenti principi che rispettano le richieste del nuovo regolamento europeo sulla protezione dei dati:<\/p>\n<ul>\n<li><b>Principio di liceit\u00e0, correttezza e trasparenza:\u00a0<\/b>Chiederemo sempre il tuo consenso per il trattamento dei tuoi dati personali per uno o pi\u00f9 scopi specifici che ti informeremo preventivamente in modo assolutamente trasparente.<\/li>\n<\/ul>\n<ul>\n<li><b>Principio di minimizzazione dei dati:\u00a0<\/b>Chiederemo solo dati strettamente necessari in relazione agli scopi per i quali li richiediamo. Il minimo indispensabile.<\/li>\n<\/ul>\n<ul>\n<li><b>Principio di limitazione del periodo di conservazione:\u00a0<\/b>i dati saranno conservati per non pi\u00f9 del tempo necessario per gli scopi del trattamento, in base alla finalit\u00e0, ti informeremo del periodo di conservazione corrispondente, nel caso di iscrizioni, controlleremo periodicamente le nostre liste ed elimineremo quei record inattivi per un periodo considerevole.<\/li>\n<\/ul>\n<ul>\n<li><b>Principio di integrit\u00e0 e riservatezza:\u00a0<\/b>I tuoi dati saranno trattati in modo tale da garantire una sicurezza adeguata dei dati personali e garantire riservatezza. Devi sapere che adottiamo tutte le precauzioni necessarie per evitare l&#8217;accesso non autorizzato o l&#8217;uso improprio dei dati dei nostri utenti da parte di terzi.<b>\u00a0<\/b><\/li>\n<\/ul>\n<p><b>\u00a0<\/b><\/p>\n<p><b>BASE GIURIDICHE PER LA RACCOLTA E L&#8217;USO DELLE INFORMAZIONI<\/b><\/p>\n<p>Se sei un individuo nello Spazio Economico Europeo (SEE), la nostra base giuridica per la raccolta e l&#8217;uso delle informazioni dipende dalle informazioni personali in questione e dal contesto in cui le raccogliamo. La maggior parte delle nostre attivit\u00e0 di raccolta e trattamento delle informazioni si basano generalmente su: 1) una necessit\u00e0 contrattuale; 2) uno o pi\u00f9 interessi legittimi di\u00a0<b>L&#8217;AZIENDA<\/b>\u00a0o di un terzo che non siano annullati dai tuoi interessi di protezione dei dati o 3) il tuo consenso. A volte, potremmo avere l&#8217;obbligo legale di raccogliere le tue informazioni o potremmo aver bisogno delle tue informazioni personali per proteggere i tuoi interessi vitali o quelli di un&#8217;altra persona.\u00a0<\/p>\n<p>\u00a0<\/p>\n<p><b>TRATTAMENTI<\/b><\/p>\n<p>\u00a0<\/p>\n<p>Ti spiegheremo, di seguito, come raccogliamo, utilizziamo, divulgiamo, trasferiamo e conserviamo le tue informazioni. Questa Informativa sulla privacy si applica alle informazioni personali raccolte attraverso il nostro sito web. \u00c8 importante che consultare frequentemente l&#8217;Informativa sulla privacy nel caso sia stata aggiornata.<\/p>\n<p><b>\u00a0<\/b><\/p>\n<p>Tutti gli utenti che accedono al nostro sito web potranno visualizzare tutto il contenuto senza la necessit\u00e0 di fornire alcuna informazione personale.\u00a0I tuoi dati personali saranno raccolti solo quando compilare volontariamente il nostro(i) modulo(i). In questo caso, l&#8217;utente garantisce l&#8217;autenticit\u00e0, l&#8217;accuratezza e la veridicit\u00e0 delle informazioni fornite, impegnandosi a mantenere aggiornati i dati personali in modo che rispondano, in ogni momento, alla tua situazione reale. L&#8217;utente sar\u00e0 l&#8217;unico responsabile delle dichiarazioni false o inesatte e dei danni che queste potrebbero causare.<\/p>\n<p>\u00a0<\/p>\n<p>Accettando questa modalit\u00e0 di comunicazione, accetti espressamente di ricevere comunicazioni periodiche esclusivamente dall&#8217;azienda, che conserver\u00e0 i dati personali ricevuti dagli utenti attraverso il sito web in totale segretezza, garantendone la riservatezza e adottando le misure tecniche necessarie per evitare qualsiasi alterazione, perdita, uso improprio o accesso non autorizzato a tali dati.<\/p>\n<p>\u00a0<\/p>\n<p>Inoltre, ti informiamo che tutti i dati forniti tramite moduli e\/o per posta elettronica sono strettamente necessari per l&#8217;identificazione corretta del mittente. Queste informazioni saranno trattate con la massima riservatezza e con l&#8217;unico scopo di gestire le richieste di informazioni, la contrattazione dei nostri servizi e prodotti e altre finalit\u00e0 specificate di seguito. Sei informato e presti il tuo pieno consenso esplicito per utilizzare i tuoi dati per le attivit\u00e0 correlate all&#8217;oggetto sociale dell&#8217;azienda.<\/p>\n<p>\u00a0<\/p>\n<p>Il consenso prestato, sia per il trattamento che per la comunicazione dei dati degli interessati, \u00e8 revocabile in qualsiasi momento comunicandolo all&#8217;indirizzo email\u00a0<a href=\"mailto:info@afectadoscartelcoches.es\">info@puretechlegal.com<\/a>\u00a0nei termini stabiliti in questa Politica per l&#8217;esercizio dei diritti. Tale revoca non avr\u00e0 mai carattere retroattivo.<\/p>\n<p><b>\u00a0<\/b><\/p>\n<p><b>Come utilizziamo i tuoi dati<\/b><\/p>\n<p>Possiamo utilizzare i tuoi dati personali nei seguenti modi: le informazioni che ci fornisci possono aiutarci a prendere decisioni, rispondere alle richieste, migliorare i servizi, individuare nuove esigenze, generare promozioni, comprendere le tue aspettative e fornirti un servizio migliore. Possiamo anche utilizzare i tuoi dati per le seguenti gestioni.<\/p>\n<p>\u00a0<\/p>\n<p><b>Motivo specifico:<\/b>\u00a0Se fornisci i tuoi dati personali per uno scopo specifico, li utilizzeremo per quanto riguarda lo scopo per il quale sono stati forniti. Ad esempio, se ti metti in contatto con noi via email, utilizzeremo i dati personali che ci fornisci per rispondere alla tua domanda o risolvere il problema, e risponderemo all&#8217;indirizzo email da cui \u00e8 stato inviato il messaggio.<\/p>\n<p>\u00a0<\/p>\n<p><b>Finalit\u00e0 interne.<\/b>\u00a0Possiamo utilizzare i tuoi dati personali per scopi interni come, ad esempio, basarci su di essi per migliorare il contenuto e la funzionalit\u00e0 dei servizi, comprendere meglio le esigenze dei nostri clienti, migliorare i servizi, proteggere, identificare o affrontare attivit\u00e0 fraudolente, rafforzare i nostri termini di servizio, gestire il tuo account e fornirti assistenza clienti e, in generale, gestire i servizi e la nostra attivit\u00e0 commerciale, tra gli altri.<\/p>\n<p>\u00a0<\/p>\n<p><b>Comunicazioni commerciali.\u00a0<\/b>Sempre che tu abbia dato il tuo consenso espresso (che verr\u00e0 ottenuto tramite una casella esclusiva presente nei nostri moduli), potremo utilizzare i tuoi dati personali per contattarti in futuro per svolgere azioni commerciali che potrebbero interessarti, sempre legate ai prodotti e\/o servizi offerti da\u00a0L&#8217;AZIENDA. In ogni caso, avrai sempre l&#8217;opzione &#8220;smetti di ricevere&#8221; questi messaggi elettronici nella parte inferiore di tali messaggi o comunicarcelo inviando un&#8217;email all&#8217;indirizzo seguente:\u00a0<a href=\"mailto:info@afectadoscartelcoches.es\">info@puretechlegal.com<\/a>\u00a0Tuttavia, potresti continuare a ricevere avvisi e email sempre che siano necessari ed essenziali per il mantenimento delle nostre transazioni contrattuali. In conformit\u00e0 con la Legge 34\/2002, dell&#8217;11 luglio, sui servizi della societ\u00e0 dell&#8217;informazione e del commercio elettronico. (LSSICE)\u00a0L&#8217;AZIENDA\u00a0non pratica lo SPAM e si impegna a non inviare comunicazioni commerciali senza identificarle correttamente.<\/p>\n<p>\u00a0<\/p>\n<p>Tieni presente che anche se decidi di non iscriverti o di annullare l&#8217;iscrizione alle comunicazioni elettroniche promozionali o commerciali,\u00a0L&#8217;AZIENDA\u00a0potrebbe aver comunque bisogno di contattarti come utente con informazioni importanti sulle transazioni relative al tuo account e ai tuoi acquisti di prodotti, prenotazioni di attivit\u00e0 o contratti di altri servizi.\u00a0<\/p>\n<p>Di seguito, spieghiamo in modo pi\u00f9 dettagliato quali tipi di dati vengono raccolti e trattati e quali sono le relative finalit\u00e0:<\/p>\n<table border=\"0\" cellspacing=\"0\" cellpadding=\"0\">\n<tbody>\n<tr>\n<td>\n<p><b>CATEGORIA<\/b><\/p>\n<\/td>\n<td>\n<p><b>FINALIT\u00c0<\/b><\/p>\n<\/td>\n<\/tr>\n<tr>\n<td>\n<p>Utente visitatore<\/p>\n<\/td>\n<td>\n<p>Analisi dell&#8217;usabilit\u00e0 e della qualit\u00e0 per il miglioramento dei nostri servizi<\/p>\n<\/td>\n<\/tr>\n<tr>\n<td>\n<p>Utente che ci contatta<\/p>\n<\/td>\n<td>\n<p>Rispondere alle richieste dell&#8217;utente; rispondere a domande, reclami, commenti o preoccupazioni relative alle informazioni incluse nel sito web, ai servizi forniti attraverso il sito web, al trattamento dei dati personali, questioni relative ai testi legali inclusi nel sito web e a qualsiasi altra domanda che potresti avere e che non sia soggetta alle condizioni di contratto.<\/p>\n<\/td>\n<\/tr>\n<tr>\n<td>\n<p>Utente Reclamante<\/p>\n<p>\u00a0<\/p>\n<\/td>\n<td>\n<p>Gestione delle richieste ricevute attraverso il nostro sito web per l&#8217;invio di eventuali risarcimenti da ottenere e l&#8217;invio di comunicazioni commerciali e promozionali. Base legittimante: Consenso espresso dell&#8217;interessato ed esecuzione di misure precontrattuali a richiesta dell&#8217;interessato.<\/p>\n<p>\u00a0<\/p>\n<\/td>\n<\/tr>\n<\/tbody>\n<\/table>\n<p>Le basi giuridiche sono collegate alle finalit\u00e0 del punto precedente<\/p>\n<table border=\"0\" cellspacing=\"0\" cellpadding=\"0\">\n<tbody>\n<tr>\n<td>\n<p><b>CATEGORIA<\/b><\/p>\n<\/td>\n<td>\n<p><b>BASE LEGITIMANTE<\/b><\/p>\n<\/td>\n<\/tr \n\n\t\t\t\t\t\t\t\t<\/div>\n\t\t\t\t<\/div>\n\t\t\t\t\t<\/div>\n\t\t\t\t<\/div>\n\t\t\t\t<\/div>\n\t\t","protected":false},"excerpt":{"rendered":"<p>Privacy policy Come prendiamo cura e gestiamo le tue informazioni personali INFORMATIVA SULLA PROTEZIONE DEI DATI\u00a0 \u00a0 Grazie per aver visitato questo sito web. \u00a0 Leggi attentamente i Termini e le Condizioni contenuti in questo documento, poich\u00e9 l&#8217;uso di questo sito web implica l&#8217;accettazione espressa e completa degli stessi, nella versione pubblicata al momento dell&#8217;accesso [&hellip;]<\/p>\n","protected":false},"author":1,"featured_media":0,"parent":0,"menu_order":0,"comment_status":"closed","ping_status":"closed","template":"","meta":{"footnotes":""},"class_list":["post-5049","page","type-page","status-publish","hentry"],"_links":{"self":[{"href":"https:\/\/puretechlegal.com\/it\/wp-json\/wp\/v2\/pages\/5049","targetHints":{"allow":["GET"]}}],"collection":[{"href":"https:\/\/puretechlegal.com\/it\/wp-json\/wp\/v2\/pages"}],"about":[{"href":"https:\/\/puretechlegal.com\/it\/wp-json\/wp\/v2\/types\/page"}],"author":[{"embeddable":true,"href":"https:\/\/puretechlegal.com\/it\/wp-json\/wp\/v2\/users\/1"}],"replies":[{"embeddable":true,"href":"https:\/\/puretechlegal.com\/it\/wp-json\/wp\/v2\/comments?post=5049"}],"version-history":[{"count":1,"href":"https:\/\/puretechlegal.com\/it\/wp-json\/wp\/v2\/pages\/5049\/revisions"}],"predecessor-version":[{"id":5051,"href":"https:\/\/puretechlegal.com\/it\/wp-json\/wp\/v2\/pages\/5049\/revisions\/5051"}],"wp:attachment":[{"href":"https:\/\/puretechlegal.com\/it\/wp-json\/wp\/v2\/media?parent=5049"}],"curies":[{"name":"wp","href":"https:\/\/api.w.org\/{rel}","templated":true}]}}