{"id":6398,"date":"2025-06-04T06:45:02","date_gmt":"2025-06-04T06:45:02","guid":{"rendered":"https:\/\/puretech.luispev.top\/?page_id=1934"},"modified":"2026-01-12T10:51:39","modified_gmt":"2026-01-12T10:51:39","slug":"ultimas-noticias-demanda-colectiva-motores-puretech","status":"publish","type":"page","link":"https:\/\/puretechlegal.com\/es\/ultimas-noticias-demanda-colectiva-motores-puretech\/","title":{"rendered":"\u00daltimas noticias demanda colectiva motores Puretech"},"content":{"rendered":"\t\t<div data-elementor-type=\"wp-page\" data-elementor-id=\"6398\" class=\"elementor elementor-6398\" data-elementor-post-type=\"page\">\n\t\t\t\t<div class=\"elementor-element elementor-element-0e05d38 e-flex e-con-boxed e-con e-parent\" data-id=\"0e05d38\" data-element_type=\"container\" data-e-type=\"container\" data-settings=\"{&quot;background_background&quot;:&quot;gradient&quot;}\">\n\t\t\t\t\t<div class=\"e-con-inner\">\n\t\t<div class=\"elementor-element elementor-element-c5d881b e-con-full e-flex e-con e-child\" data-id=\"c5d881b\" data-element_type=\"container\" data-e-type=\"container\">\n\t\t\t\t<div class=\"elementor-element elementor-element-8845528 elementor-widget elementor-widget-heading\" data-id=\"8845528\" data-element_type=\"widget\" data-e-type=\"widget\" data-widget_type=\"heading.default\">\n\t\t\t\t<div class=\"elementor-widget-container\">\n\t\t\t\t\t<h1 class=\"elementor-heading-title elementor-size-default\">Puretech Legal Actualidad<\/h1>\t\t\t\t<\/div>\n\t\t\t\t<\/div>\n\t\t\t\t<div class=\"elementor-element elementor-element-0da2748 elementor-widget__width-initial elementor-widget elementor-widget-heading\" data-id=\"0da2748\" data-element_type=\"widget\" data-e-type=\"widget\" data-widget_type=\"heading.default\">\n\t\t\t\t<div class=\"elementor-widget-container\">\n\t\t\t\t\t<h2 class=\"elementor-heading-title elementor-size-default\">\u00daltimas not\u00edcias sobre la demanda colectiva contra Stellantis por el fallo en los motores Puretech<\/h2>\t\t\t\t<\/div>\n\t\t\t\t<\/div>\n\t\t\t\t<\/div>\n\t\t\t\t\t<\/div>\n\t\t\t\t<\/div>\n\t\t<div class=\"elementor-element elementor-element-3ba408a e-flex e-con-boxed e-con e-parent\" data-id=\"3ba408a\" data-element_type=\"container\" data-e-type=\"container\">\n\t\t\t\t\t<div class=\"e-con-inner\">\n\t\t\t\t<div class=\"elementor-element elementor-element-bf99a8b elementor-search-form--skin-minimal elementor-widget elementor-widget-search-form\" data-id=\"bf99a8b\" data-element_type=\"widget\" data-e-type=\"widget\" data-settings=\"{&quot;skin&quot;:&quot;minimal&quot;}\" data-widget_type=\"search-form.default\">\n\t\t\t\t<div class=\"elementor-widget-container\">\n\t\t\t\t\t\t\t<search role=\"search\">\n\t\t\t<form class=\"elementor-search-form\" action=\"https:\/\/puretechlegal.com\/es\/\" method=\"get\">\n\t\t\t\t\t\t\t\t\t\t\t\t<div class=\"elementor-search-form__container\">\n\t\t\t\t\t<label class=\"elementor-screen-only\" for=\"elementor-search-form-bf99a8b\">Buscar<\/label>\n\n\t\t\t\t\t\t\t\t\t\t\t<div class=\"elementor-search-form__icon\">\n\t\t\t\t\t\t\t<div class=\"e-font-icon-svg-container\"><svg aria-hidden=\"true\" class=\"e-font-icon-svg e-fas-search\" viewBox=\"0 0 512 512\" xmlns=\"http:\/\/www.w3.org\/2000\/svg\"><path d=\"M505 442.7L405.3 343c-4.5-4.5-10.6-7-17-7H372c27.6-35.3 44-79.7 44-128C416 93.1 322.9 0 208 0S0 93.1 0 208s93.1 208 208 208c48.3 0 92.7-16.4 128-44v16.3c0 6.4 2.5 12.5 7 17l99.7 99.7c9.4 9.4 24.6 9.4 33.9 0l28.3-28.3c9.4-9.4 9.4-24.6.1-34zM208 336c-70.7 0-128-57.2-128-128 0-70.7 57.2-128 128-128 70.7 0 128 57.2 128 128 0 70.7-57.2 128-128 128z\"><\/path><\/svg><\/div>\t\t\t\t\t\t\t<span class=\"elementor-screen-only\">Buscar<\/span>\n\t\t\t\t\t\t<\/div>\n\t\t\t\t\t\n\t\t\t\t\t<input id=\"elementor-search-form-bf99a8b\" placeholder=\"Buscar....\" class=\"elementor-search-form__input\" type=\"search\" name=\"s\" value=\"\">\n\t\t\t\t\t<input type='hidden' name='lang' value='es' \/>\n\t\t\t\t\t\n\t\t\t\t\t\t\t\t\t<\/div>\n\t\t\t<\/form>\n\t\t<\/search>\n\t\t\t\t\t\t<\/div>\n\t\t\t\t<\/div>\n\t\t\t\t<div class=\"elementor-element elementor-element-e68258c elementor-grid-3 elementor-grid-tablet-2 elementor-grid-mobile-1 elementor-posts--thumbnail-top elementor-card-shadow-yes elementor-posts__hover-gradient elementor-widget elementor-widget-posts\" data-id=\"e68258c\" data-element_type=\"widget\" data-e-type=\"widget\" data-settings=\"{&quot;pagination_type&quot;:&quot;load_more_infinite_scroll&quot;,&quot;cards_columns&quot;:&quot;3&quot;,&quot;cards_columns_tablet&quot;:&quot;2&quot;,&quot;cards_columns_mobile&quot;:&quot;1&quot;,&quot;cards_row_gap&quot;:{&quot;unit&quot;:&quot;px&quot;,&quot;size&quot;:35,&quot;sizes&quot;:[]},&quot;cards_row_gap_tablet&quot;:{&quot;unit&quot;:&quot;px&quot;,&quot;size&quot;:&quot;&quot;,&quot;sizes&quot;:[]},&quot;cards_row_gap_mobile&quot;:{&quot;unit&quot;:&quot;px&quot;,&quot;size&quot;:&quot;&quot;,&quot;sizes&quot;:[]},&quot;load_more_spinner&quot;:{&quot;value&quot;:&quot;fas fa-spinner&quot;,&quot;library&quot;:&quot;fa-solid&quot;}}\" data-widget_type=\"posts.cards\">\n\t\t\t\t<div class=\"elementor-widget-container\">\n\t\t\t\t\t\t\t<div class=\"elementor-posts-container elementor-posts elementor-posts--skin-cards elementor-grid\" role=\"list\">\n\t\t\t\t<article class=\"elementor-post elementor-grid-item post-7968 post type-post status-publish format-standard has-post-thumbnail hentry category-motor-puretech category-actualidad category-legislacion\" role=\"listitem\">\n\t\t\t<div class=\"elementor-post__card\">\n\t\t\t\t<a class=\"elementor-post__thumbnail__link\" href=\"https:\/\/puretechlegal.com\/es\/extension-garantia-puretech-10-anos\/\" tabindex=\"-1\" ><div class=\"elementor-post__thumbnail\"><img fetchpriority=\"high\" decoding=\"async\" width=\"300\" height=\"200\" src=\"https:\/\/puretechlegal.com\/wp-content\/uploads\/2026\/04\/Extension-de-garantia-Puretech-300x200.webp\" class=\"attachment-medium size-medium wp-image-7964\" alt=\"Imagen representativa de Extension de garantia Puretech\" srcset=\"https:\/\/puretechlegal.com\/wp-content\/uploads\/2026\/04\/Extension-de-garantia-Puretech-300x200.webp 300w, https:\/\/puretechlegal.com\/wp-content\/uploads\/2026\/04\/Extension-de-garantia-Puretech-768x512.webp 768w, https:\/\/puretechlegal.com\/wp-content\/uploads\/2026\/04\/Extension-de-garantia-Puretech.webp 1000w\" sizes=\"(max-width: 300px) 100vw, 300px\" \/><\/div><\/a>\n\t\t\t\t<div class=\"elementor-post__text\">\n\t\t\t\t<h3 class=\"elementor-post__title\">\n\t\t\t<a href=\"https:\/\/puretechlegal.com\/es\/extension-garantia-puretech-10-anos\/\" >\n\t\t\t\tExtensi\u00f3n de garant\u00eda PureTech a 10 a\u00f1os o 175.000 km: La letra peque\u00f1a al descubierto\t\t\t<\/a>\n\t\t<\/h3>\n\t\t\t\t<div class=\"elementor-post__excerpt\">\n\t\t\t<p>Parece una gran noticia: una extension garantie puretech 10 ans que promete tranquilidad durante a\u00f1os.Pero<\/p>\n\t\t<\/div>\n\t\t\t\t<\/div>\n\t\t\t\t<div class=\"elementor-post__meta-data\">\n\t\t\t\t\t<span class=\"elementor-post-date\">\n\t\t\t14\/04\/2026\t\t<\/span>\n\t\t\t\t<\/div>\n\t\t\t\t\t<\/div>\n\t\t<\/article>\n\t\t\t\t<article class=\"elementor-post elementor-grid-item post-6324 post type-post status-publish format-standard has-post-thumbnail hentry category-noticias\" role=\"listitem\">\n\t\t\t<div class=\"elementor-post__card\">\n\t\t\t\t<a class=\"elementor-post__thumbnail__link\" href=\"https:\/\/puretechlegal.com\/es\/los-motores-puretech-de-stellantis-se-rompen-arden-y-contaminan\/\" tabindex=\"-1\" ><div class=\"elementor-post__thumbnail\"><img decoding=\"async\" width=\"300\" height=\"169\" src=\"https:\/\/puretechlegal.com\/wp-content\/uploads\/2025\/06\/Noticias_Los-motores-Puretech-de-Stellantis-se-rompen-arden-y-contaminan-300x169.jpg\" class=\"attachment-medium size-medium wp-image-6363\" alt=\"Un coche con motor Puretech ardiendo por un fallo en el motor\" srcset=\"https:\/\/puretechlegal.com\/wp-content\/uploads\/2025\/06\/Noticias_Los-motores-Puretech-de-Stellantis-se-rompen-arden-y-contaminan-300x169.jpg 300w, https:\/\/puretechlegal.com\/wp-content\/uploads\/2025\/06\/Noticias_Los-motores-Puretech-de-Stellantis-se-rompen-arden-y-contaminan-1024x576.jpg 1024w, https:\/\/puretechlegal.com\/wp-content\/uploads\/2025\/06\/Noticias_Los-motores-Puretech-de-Stellantis-se-rompen-arden-y-contaminan-768x432.jpg 768w, https:\/\/puretechlegal.com\/wp-content\/uploads\/2025\/06\/Noticias_Los-motores-Puretech-de-Stellantis-se-rompen-arden-y-contaminan.jpg 1280w\" sizes=\"(max-width: 300px) 100vw, 300px\" \/><\/div><\/a>\n\t\t\t\t<div class=\"elementor-post__text\">\n\t\t\t\t<h3 class=\"elementor-post__title\">\n\t\t\t<a href=\"https:\/\/puretechlegal.com\/es\/los-motores-puretech-de-stellantis-se-rompen-arden-y-contaminan\/\" >\n\t\t\t\tLos motores Puretech de Stellantis se rompen, arden y contaminan\t\t\t<\/a>\n\t\t<\/h3>\n\t\t\t\t<div class=\"elementor-post__excerpt\">\n\t\t\t<p>04\/06\/2025 Los informes t\u00e9cnicos lo coroboran, los miles de usuarios, v\u00edctimas de un fallo de<\/p>\n\t\t<\/div>\n\t\t\t\t<\/div>\n\t\t\t\t<div class=\"elementor-post__meta-data\">\n\t\t\t\t\t<span class=\"elementor-post-date\">\n\t\t\t04\/06\/2025\t\t<\/span>\n\t\t\t\t<\/div>\n\t\t\t\t\t<\/div>\n\t\t<\/article>\n\t\t\t\t<article class=\"elementor-post elementor-grid-item post-6323 post type-post status-publish format-standard has-post-thumbnail hentry category-noticias\" role=\"listitem\">\n\t\t\t<div class=\"elementor-post__card\">\n\t\t\t\t<a class=\"elementor-post__thumbnail__link\" href=\"https:\/\/puretechlegal.com\/es\/stellantis-obligada-a-reembolsar-las-averias-de-sus-motores-defectuosos\/\" tabindex=\"-1\" ><div class=\"elementor-post__thumbnail\"><img decoding=\"async\" width=\"300\" height=\"169\" src=\"https:\/\/puretechlegal.com\/wp-content\/uploads\/2025\/04\/Noticias_Stellantis-obligada-a-reembolsar-las-averias-de-sus-motores-defectuosos-300x169.jpg\" class=\"attachment-medium size-medium wp-image-6362\" alt=\"Une personne donne de l&#039;argent \u00e0 une autre en guise de remboursement d&#039;une panne de moteur puretech\" srcset=\"https:\/\/puretechlegal.com\/wp-content\/uploads\/2025\/04\/Noticias_Stellantis-obligada-a-reembolsar-las-averias-de-sus-motores-defectuosos-300x169.jpg 300w, https:\/\/puretechlegal.com\/wp-content\/uploads\/2025\/04\/Noticias_Stellantis-obligada-a-reembolsar-las-averias-de-sus-motores-defectuosos-1024x576.jpg 1024w, https:\/\/puretechlegal.com\/wp-content\/uploads\/2025\/04\/Noticias_Stellantis-obligada-a-reembolsar-las-averias-de-sus-motores-defectuosos-768x432.jpg 768w, https:\/\/puretechlegal.com\/wp-content\/uploads\/2025\/04\/Noticias_Stellantis-obligada-a-reembolsar-las-averias-de-sus-motores-defectuosos.jpg 1280w\" sizes=\"(max-width: 300px) 100vw, 300px\" \/><\/div><\/a>\n\t\t\t\t<div class=\"elementor-post__text\">\n\t\t\t\t<h3 class=\"elementor-post__title\">\n\t\t\t<a href=\"https:\/\/puretechlegal.com\/es\/stellantis-obligada-a-reembolsar-las-averias-de-sus-motores-defectuosos\/\" >\n\t\t\t\tStellantis, obligada a reembolsar las aver\u00edas de sus motores defectuosos\t\t\t<\/a>\n\t\t<\/h3>\n\t\t\t\t<div class=\"elementor-post__excerpt\">\n\t\t\t<p>16\/04\/2025 Los afectados por los motores defectuosos fabricados por Stellantis -los Puretech- est\u00e1n consiguiendo dar<\/p>\n\t\t<\/div>\n\t\t\t\t<\/div>\n\t\t\t\t<div class=\"elementor-post__meta-data\">\n\t\t\t\t\t<span class=\"elementor-post-date\">\n\t\t\t16\/04\/2025\t\t<\/span>\n\t\t\t\t<\/div>\n\t\t\t\t\t<\/div>\n\t\t<\/article>\n\t\t\t\t<article class=\"elementor-post elementor-grid-item post-6325 post type-post status-publish format-standard has-post-thumbnail hentry category-noticias\" role=\"listitem\">\n\t\t\t<div class=\"elementor-post__card\">\n\t\t\t\t<a class=\"elementor-post__thumbnail__link\" href=\"https:\/\/puretechlegal.com\/es\/las-victimas-de-los-motores-puretech-consiguen-recuperar-mas-de-100-000-euros-en-averias\/\" tabindex=\"-1\" ><div class=\"elementor-post__thumbnail\"><img loading=\"lazy\" decoding=\"async\" width=\"300\" height=\"169\" src=\"https:\/\/puretechlegal.com\/wp-content\/uploads\/2025\/06\/Noticias_Las-victimas-de-los-motores-PureTech-consiguen-recuperar-mas-de-100.000-euros-en-averias-300x169.jpg\" class=\"attachment-medium size-medium wp-image-6364\" alt=\"Les victimes des probl\u00e8mes de moteur Puretech s&#039;organisent pour engager une action collective\" srcset=\"https:\/\/puretechlegal.com\/wp-content\/uploads\/2025\/06\/Noticias_Las-victimas-de-los-motores-PureTech-consiguen-recuperar-mas-de-100.000-euros-en-averias-300x169.jpg 300w, https:\/\/puretechlegal.com\/wp-content\/uploads\/2025\/06\/Noticias_Las-victimas-de-los-motores-PureTech-consiguen-recuperar-mas-de-100.000-euros-en-averias-1024x576.jpg 1024w, https:\/\/puretechlegal.com\/wp-content\/uploads\/2025\/06\/Noticias_Las-victimas-de-los-motores-PureTech-consiguen-recuperar-mas-de-100.000-euros-en-averias-768x432.jpg 768w, https:\/\/puretechlegal.com\/wp-content\/uploads\/2025\/06\/Noticias_Las-victimas-de-los-motores-PureTech-consiguen-recuperar-mas-de-100.000-euros-en-averias.jpg 1280w\" sizes=\"(max-width: 300px) 100vw, 300px\" \/><\/div><\/a>\n\t\t\t\t<div class=\"elementor-post__text\">\n\t\t\t\t<h3 class=\"elementor-post__title\">\n\t\t\t<a href=\"https:\/\/puretechlegal.com\/es\/las-victimas-de-los-motores-puretech-consiguen-recuperar-mas-de-100-000-euros-en-averias\/\" >\n\t\t\t\tLas v\u00edctimas de los motores PureTech consiguen recuperar m\u00e1s de 100.000 euros en aver\u00edas\t\t\t<\/a>\n\t\t<\/h3>\n\t\t\t\t<div class=\"elementor-post__excerpt\">\n\t\t\t<p>10\/03\/2025 La presi\u00f3n de los afectados por los motores Puretech y la batalla legal iniciada<\/p>\n\t\t<\/div>\n\t\t\t\t<\/div>\n\t\t\t\t<div class=\"elementor-post__meta-data\">\n\t\t\t\t\t<span class=\"elementor-post-date\">\n\t\t\t10\/03\/2025\t\t<\/span>\n\t\t\t\t<\/div>\n\t\t\t\t\t<\/div>\n\t\t<\/article>\n\t\t\t\t<article class=\"elementor-post elementor-grid-item post-6340 post type-post status-publish format-standard has-post-thumbnail hentry category-noticias\" role=\"listitem\">\n\t\t\t<div class=\"elementor-post__card\">\n\t\t\t\t<a class=\"elementor-post__thumbnail__link\" href=\"https:\/\/puretechlegal.com\/es\/stellantis-gana-tiempo-para-que-las-demandas-prescriban\/\" tabindex=\"-1\" ><div class=\"elementor-post__thumbnail\"><img loading=\"lazy\" decoding=\"async\" width=\"300\" height=\"198\" src=\"https:\/\/puretechlegal.com\/wp-content\/uploads\/2025\/02\/Estrategia-de-Stellantis-en-los-tribunales-300x198.jpg\" class=\"attachment-medium size-medium wp-image-6378\" alt=\"Maillet du juge victimes Stellantis\" srcset=\"https:\/\/puretechlegal.com\/wp-content\/uploads\/2025\/02\/Estrategia-de-Stellantis-en-los-tribunales-300x198.jpg 300w, https:\/\/puretechlegal.com\/wp-content\/uploads\/2025\/02\/Estrategia-de-Stellantis-en-los-tribunales.jpg 360w\" sizes=\"(max-width: 300px) 100vw, 300px\" \/><\/div><\/a>\n\t\t\t\t<div class=\"elementor-post__text\">\n\t\t\t\t<h3 class=\"elementor-post__title\">\n\t\t\t<a href=\"https:\/\/puretechlegal.com\/es\/stellantis-gana-tiempo-para-que-las-demandas-prescriban\/\" >\n\t\t\t\tLa estrategia de Stellantis ante los tribunales por los motores Puretech: ganar tiempo para que las demandas prescriban\t\t\t<\/a>\n\t\t<\/h3>\n\t\t\t\t<div class=\"elementor-post__excerpt\">\n\t\t\t<p>12\/02\/2025 La estrategia de la compa\u00f1\u00eda fabricante de los m\u00e1s de 750.000 motores defectuosos, Stellantis,<\/p>\n\t\t<\/div>\n\t\t\t\t<\/div>\n\t\t\t\t<div class=\"elementor-post__meta-data\">\n\t\t\t\t\t<span class=\"elementor-post-date\">\n\t\t\t12\/02\/2025\t\t<\/span>\n\t\t\t\t<\/div>\n\t\t\t\t\t<\/div>\n\t\t<\/article>\n\t\t\t\t<article class=\"elementor-post elementor-grid-item post-1424 post type-post status-publish format-standard has-post-thumbnail hentry category-noticias\" role=\"listitem\">\n\t\t\t<div class=\"elementor-post__card\">\n\t\t\t\t<a class=\"elementor-post__thumbnail__link\" href=\"https:\/\/puretechlegal.com\/es\/plataforma-online-reembolsos-stellantis\/\" tabindex=\"-1\" ><div class=\"elementor-post__thumbnail\"><img loading=\"lazy\" decoding=\"async\" width=\"300\" height=\"169\" src=\"https:\/\/puretechlegal.com\/wp-content\/uploads\/2025\/01\/Plataforma-Stellantis-300x169.jpg\" class=\"attachment-medium size-medium wp-image-1438\" alt=\"Plataforma Stellantis\" srcset=\"https:\/\/puretechlegal.com\/wp-content\/uploads\/2025\/01\/Plataforma-Stellantis-300x169.jpg 300w, https:\/\/puretechlegal.com\/wp-content\/uploads\/2025\/01\/Plataforma-Stellantis-1024x576.jpg 1024w, https:\/\/puretechlegal.com\/wp-content\/uploads\/2025\/01\/Plataforma-Stellantis-768x432.jpg 768w, https:\/\/puretechlegal.com\/wp-content\/uploads\/2025\/01\/Plataforma-Stellantis.jpg 1280w\" sizes=\"(max-width: 300px) 100vw, 300px\" \/><\/div><\/a>\n\t\t\t\t<div class=\"elementor-post__text\">\n\t\t\t\t<h3 class=\"elementor-post__title\">\n\t\t\t<a href=\"https:\/\/puretechlegal.com\/es\/plataforma-online-reembolsos-stellantis\/\" >\n\t\t\t\tStellantis lanza una plataforma para reembolsos de motores PureTech: \u00bfte conviene usarla?\t\t\t<\/a>\n\t\t<\/h3>\n\t\t\t\t<div class=\"elementor-post__excerpt\">\n\t\t\t<p>Stellantis lanza una plataforma online para gestionar reembolsos por problemas en motores PureTech 1.0 y 1.2 (2014-2022). Descubre c\u00f3mo reclamar tu compensaci\u00f3n y por qu\u00e9 unirte a nuestra demanda colectiva puede garantizarte una devoluci\u00f3n m\u00e1s completa.<\/p>\n\t\t<\/div>\n\t\t\t\t<\/div>\n\t\t\t\t<div class=\"elementor-post__meta-data\">\n\t\t\t\t\t<span class=\"elementor-post-date\">\n\t\t\t21\/01\/2025\t\t<\/span>\n\t\t\t\t<\/div>\n\t\t\t\t\t<\/div>\n\t\t<\/article>\n\t\t\t\t<\/div>\n\t\t\t\t\t<span class=\"e-load-more-spinner\">\n\t\t\t\t<svg aria-hidden=\"true\" class=\"e-font-icon-svg e-fas-spinner\" viewBox=\"0 0 512 512\" xmlns=\"http:\/\/www.w3.org\/2000\/svg\"><path d=\"M304 48c0 26.51-21.49 48-48 48s-48-21.49-48-48 21.49-48 48-48 48 21.49 48 48zm-48 368c-26.51 0-48 21.49-48 48s21.49 48 48 48 48-21.49 48-48-21.49-48-48-48zm208-208c-26.51 0-48 21.49-48 48s21.49 48 48 48 48-21.49 48-48-21.49-48-48-48zM96 256c0-26.51-21.49-48-48-48S0 229.49 0 256s21.49 48 48 48 48-21.49 48-48zm12.922 99.078c-26.51 0-48 21.49-48 48s21.49 48 48 48 48-21.49 48-48c0-26.509-21.491-48-48-48zm294.156 0c-26.51 0-48 21.49-48 48s21.49 48 48 48 48-21.49 48-48c0-26.509-21.49-48-48-48zM108.922 60.922c-26.51 0-48 21.49-48 48s21.49 48 48 48 48-21.49 48-48-21.491-48-48-48z\"><\/path><\/svg>\t\t\t<\/span>\n\t\t\n\t\t\t\t<div class=\"e-load-more-anchor\" data-page=\"1\" data-max-page=\"2\" data-next-page=\"https:\/\/puretechlegal.com\/es\/wp-json\/wp\/v2\/pages\/6398\/page\/2\/\"><\/div>\n\t\t\t\t<div class=\"e-load-more-message\"><\/div>\n\t\t\t\t\t\t<\/div>\n\t\t\t\t<\/div>\n\t\t\t\t\t<\/div>\n\t\t\t\t<\/div>\n\t\t\t\t<\/div>\n\t\t","protected":false},"excerpt":{"rendered":"<p>Puretech Legal Actualidad \u00daltimas not\u00edcias sobre la demanda colectiva contra Stellantis por el fallo en los motores Puretech<\/p>\n","protected":false},"author":6,"featured_media":0,"parent":0,"menu_order":0,"comment_status":"closed","ping_status":"closed","template":"","meta":{"footnotes":""},"class_list":["post-6398","page","type-page","status-publish","hentry"],"_links":{"self":[{"href":"https:\/\/puretechlegal.com\/es\/wp-json\/wp\/v2\/pages\/6398","targetHints":{"allow":["GET"]}}],"collection":[{"href":"https:\/\/puretechlegal.com\/es\/wp-json\/wp\/v2\/pages"}],"about":[{"href":"https:\/\/puretechlegal.com\/es\/wp-json\/wp\/v2\/types\/page"}],"author":[{"embeddable":true,"href":"https:\/\/puretechlegal.com\/es\/wp-json\/wp\/v2\/users\/6"}],"replies":[{"embeddable":true,"href":"https:\/\/puretechlegal.com\/es\/wp-json\/wp\/v2\/comments?post=6398"}],"version-history":[{"count":3,"href":"https:\/\/puretechlegal.com\/es\/wp-json\/wp\/v2\/pages\/6398\/revisions"}],"predecessor-version":[{"id":7462,"href":"https:\/\/puretechlegal.com\/es\/wp-json\/wp\/v2\/pages\/6398\/revisions\/7462"}],"wp:attachment":[{"href":"https:\/\/puretechlegal.com\/es\/wp-json\/wp\/v2\/media?parent=6398"}],"curies":[{"name":"wp","href":"https:\/\/api.w.org\/{rel}","templated":true}]}}