{"id":5434,"date":"2024-06-22T07:26:39","date_gmt":"2024-06-22T07:26:39","guid":{"rendered":"https:\/\/puretechlegal.com\/who-are-we\/"},"modified":"2025-05-18T13:43:34","modified_gmt":"2025-05-18T13:43:34","slug":"who-are-we","status":"publish","type":"page","link":"https:\/\/puretechlegal.com\/de\/who-are-we\/","title":{"rendered":"Wer sind wir?"},"content":{"rendered":"\t\t<div data-elementor-type=\"wp-page\" data-elementor-id=\"5434\" class=\"elementor elementor-5434 elementor-1984\" data-elementor-post-type=\"page\">\n\t\t\t\t<div class=\"elementor-element elementor-element-288d5ec e-flex e-con-boxed e-con e-parent\" data-id=\"288d5ec\" data-element_type=\"container\" data-e-type=\"container\" data-settings=\"{&quot;background_background&quot;:&quot;gradient&quot;}\">\n\t\t\t\t\t<div class=\"e-con-inner\">\n\t\t<div class=\"elementor-element elementor-element-1c9acef e-con-full e-flex e-con e-child\" data-id=\"1c9acef\" data-element_type=\"container\" data-e-type=\"container\">\n\t\t\t\t<div class=\"elementor-element elementor-element-27d3d22 elementor-widget elementor-widget-heading\" data-id=\"27d3d22\" data-element_type=\"widget\" data-e-type=\"widget\" data-widget_type=\"heading.default\">\n\t\t\t\t<div class=\"elementor-widget-container\">\n\t\t\t\t\t<h1 class=\"elementor-heading-title elementor-size-default\">Wer sind wir?<\/h1>\t\t\t\t<\/div>\n\t\t\t\t<\/div>\n\t\t\t\t<div class=\"elementor-element elementor-element-caa1e1e elementor-widget__width-auto elementor-widget elementor-widget-heading\" data-id=\"caa1e1e\" data-element_type=\"widget\" data-e-type=\"widget\" data-widget_type=\"heading.default\">\n\t\t\t\t<div class=\"elementor-widget-container\">\n\t\t\t\t\t<h2 class=\"elementor-heading-title elementor-size-default\">\u00dcber uns<\/h2>\t\t\t\t<\/div>\n\t\t\t\t<\/div>\n\t\t\t\t<\/div>\n\t\t\t\t\t<\/div>\n\t\t\t\t<\/div>\n\t\t<div class=\"elementor-element elementor-element-a09e923 e-flex e-con-boxed e-con e-parent\" data-id=\"a09e923\" data-element_type=\"container\" data-e-type=\"container\">\n\t\t\t\t\t<div class=\"e-con-inner\">\n\t\t<div class=\"elementor-element elementor-element-c040e77 e-con-full e-flex e-con e-child\" data-id=\"c040e77\" data-element_type=\"container\" data-e-type=\"container\">\n\t\t\t\t<div class=\"elementor-element elementor-element-95affb1 elementor-position-left elementor-vertical-align-top elementor-widget elementor-widget-image-box\" data-id=\"95affb1\" data-element_type=\"widget\" data-e-type=\"widget\" data-widget_type=\"image-box.default\">\n\t\t\t\t<div class=\"elementor-widget-container\">\n\t\t\t\t\t<div class=\"elementor-image-box-wrapper\"><figure class=\"elementor-image-box-img\"><img decoding=\"async\" width=\"300\" height=\"154\" src=\"https:\/\/puretechlegal.com\/wp-content\/uploads\/2024\/08\/logo-afestelc-300x154.png\" class=\"attachment-medium size-medium wp-image-694\" alt=\"\" \/><\/figure><div class=\"elementor-image-box-content\"><h3 class=\"elementor-image-box-title\">Entschuldigung, pero necesito m\u00e1s contexto o informaci\u00f3n para poder proporcionarte una traducci\u00f3n precisa al alem\u00e1n. \u00bfPodr\u00edas proporcionar m\u00e1s detalles o una oraci\u00f3n completa en la que se utilice la palabra \"Afestel\"?<\/h3><p class=\"elementor-image-box-description\"><p>Mit \u00fcber 6.000 Mitgliedern ist Afestel die gr\u00f6\u00dfte Plattform f\u00fcr diejenigen, die vom Fabrikfehler der Puretech-Motoren in Spanien betroffen sind.<\/p>\n\n<p>Als gemeinn\u00fctziger Verein gegr\u00fcndet, ist es ihre Mission, das Bewusstsein f\u00fcr das Problem zu sch\u00e4rfen und allen Betroffenen zu helfen, f\u00fcr erlittene Sch\u00e4den entsch\u00e4digt zu werden.<\/p>\n<a href=\"https:\/\/afectadoscorreapsa.com\/\" target=\"_blank\" rel=\"noopener\">Mehr erfahren<\/a><\/p><\/div><\/div>\t\t\t\t<\/div>\n\t\t\t\t<\/div>\n\t\t\t\t<\/div>\n\t\t<div class=\"elementor-element elementor-element-927db91 e-con-full e-flex e-con e-child\" data-id=\"927db91\" data-element_type=\"container\" data-e-type=\"container\">\n\t\t\t\t<div class=\"elementor-element elementor-element-33be1f3 elementor-position-left elementor-vertical-align-top elementor-widget elementor-widget-image-box\" data-id=\"33be1f3\" data-element_type=\"widget\" data-e-type=\"widget\" data-widget_type=\"image-box.default\">\n\t\t\t\t<div class=\"elementor-widget-container\">\n\t\t\t\t\t<div class=\"elementor-image-box-wrapper\"><figure class=\"elementor-image-box-img\"><img decoding=\"async\" width=\"49\" height=\"45\" src=\"https:\/\/puretechlegal.com\/wp-content\/uploads\/2024\/07\/logo-despacho-e1724857580238.png\" class=\"attachment-medium size-medium wp-image-616\" alt=\"\" \/><\/figure><div class=\"elementor-image-box-content\"><h3 class=\"elementor-image-box-title\">Anw\u00e4lte und Berater<\/h3><p class=\"elementor-image-box-description\"><p>Sie haben \u00fcber 20 Jahre Erfahrung in \u00e4hnlichen F\u00e4llen, in denen sie Marken wie BMW vor Gericht vertreten und wiederholt besiegt haben.<\/p>\n\n<p>Christian Delgado, ausgezeichnet vom Magazin Best Lawyers, hat mit Afestel eine Vereinbarung getroffen, um die Interessen aller seiner Mitglieder bundesweit zu vertreten.<\/p>\n<a href=\"https:\/\/abogados-consultores.es\/\" target=\"_blank\" rel=\"noopener\">Mehr anzeigen<\/a><\/p><\/div><\/div>\t\t\t\t<\/div>\n\t\t\t\t<\/div>\n\t\t\t\t<\/div>\n\t\t\t\t\t<\/div>\n\t\t\t\t<\/div>\n\t\t<div class=\"elementor-element elementor-element-da46bf5 e-flex e-con-boxed e-con e-parent\" data-id=\"da46bf5\" data-element_type=\"container\" data-e-type=\"container\">\n\t\t\t\t\t<div class=\"e-con-inner\">\n\t\t\t\t<div class=\"elementor-element elementor-element-b4d7bdb elementor-widget elementor-widget-heading\" data-id=\"b4d7bdb\" data-element_type=\"widget\" data-e-type=\"widget\" data-widget_type=\"heading.default\">\n\t\t\t\t<div class=\"elementor-widget-container\">\n\t\t\t\t\t<h2 class=\"elementor-heading-title elementor-size-default\">Zeitplan<\/h2>\t\t\t\t<\/div>\n\t\t\t\t<\/div>\n\t\t\t\t\t<\/div>\n\t\t\t\t<\/div>\n\t\t\t\t<\/div>\n\t\t","protected":false},"excerpt":{"rendered":"<p>Wer sind wir? \u00dcber uns Entschuldigung, pero necesito m\u00e1s contexto o informaci\u00f3n para poder proporcionarte una traducci\u00f3n precisa al alem\u00e1n. \u00bfPodr\u00edas proporcionar m\u00e1s detalles o una oraci\u00f3n completa en la que se utilice la palabra &#8222;Afestel&#8220;? Mit \u00fcber 6.000 Mitgliedern ist Afestel die gr\u00f6\u00dfte Plattform f\u00fcr diejenigen, die vom Fabrikfehler der Puretech-Motoren in Spanien betroffen [&hellip;]<\/p>\n","protected":false},"author":1,"featured_media":0,"parent":0,"menu_order":0,"comment_status":"closed","ping_status":"closed","template":"","meta":{"footnotes":""},"class_list":["post-5434","page","type-page","status-publish","hentry"],"_links":{"self":[{"href":"https:\/\/puretechlegal.com\/de\/wp-json\/wp\/v2\/pages\/5434","targetHints":{"allow":["GET"]}}],"collection":[{"href":"https:\/\/puretechlegal.com\/de\/wp-json\/wp\/v2\/pages"}],"about":[{"href":"https:\/\/puretechlegal.com\/de\/wp-json\/wp\/v2\/types\/page"}],"author":[{"embeddable":true,"href":"https:\/\/puretechlegal.com\/de\/wp-json\/wp\/v2\/users\/1"}],"replies":[{"embeddable":true,"href":"https:\/\/puretechlegal.com\/de\/wp-json\/wp\/v2\/comments?post=5434"}],"version-history":[{"count":3,"href":"https:\/\/puretechlegal.com\/de\/wp-json\/wp\/v2\/pages\/5434\/revisions"}],"predecessor-version":[{"id":5655,"href":"https:\/\/puretechlegal.com\/de\/wp-json\/wp\/v2\/pages\/5434\/revisions\/5655"}],"wp:attachment":[{"href":"https:\/\/puretechlegal.com\/de\/wp-json\/wp\/v2\/media?parent=5434"}],"curies":[{"name":"wp","href":"https:\/\/api.w.org\/{rel}","templated":true}]}}