{"id":5428,"date":"2024-06-30T14:19:13","date_gmt":"2024-06-30T14:19:13","guid":{"rendered":"https:\/\/puretechlegal.com\/privacy-policy\/"},"modified":"2025-05-18T13:43:15","modified_gmt":"2025-05-18T13:43:15","slug":"privacy-policy","status":"publish","type":"page","link":"https:\/\/puretechlegal.com\/de\/privacy-policy\/","title":{"rendered":"Datenschutzbestimmungen"},"content":{"rendered":"\t\t<div data-elementor-type=\"wp-page\" data-elementor-id=\"5428\" class=\"elementor elementor-5428 elementor-2021\" data-elementor-post-type=\"page\">\n\t\t\t\t<div class=\"elementor-element elementor-element-acb4d2e e-flex e-con-boxed e-con e-parent\" data-id=\"acb4d2e\" data-element_type=\"container\" data-e-type=\"container\" data-settings=\"{&quot;background_background&quot;:&quot;gradient&quot;}\">\n\t\t\t\t\t<div class=\"e-con-inner\">\n\t\t<div class=\"elementor-element elementor-element-93634ff e-con-full e-flex e-con e-child\" data-id=\"93634ff\" data-element_type=\"container\" data-e-type=\"container\">\n\t\t\t\t<div class=\"elementor-element elementor-element-f8c3298 elementor-widget elementor-widget-heading\" data-id=\"f8c3298\" data-element_type=\"widget\" data-e-type=\"widget\" data-widget_type=\"heading.default\">\n\t\t\t\t<div class=\"elementor-widget-container\">\n\t\t\t\t\t<h1 class=\"elementor-heading-title elementor-size-default\">Datenschutzrichtlinie<\/h1>\t\t\t\t<\/div>\n\t\t\t\t<\/div>\n\t\t\t\t<div class=\"elementor-element elementor-element-53261a7 elementor-widget__width-auto elementor-widget elementor-widget-heading\" data-id=\"53261a7\" data-element_type=\"widget\" data-e-type=\"widget\" data-widget_type=\"heading.default\">\n\t\t\t\t<div class=\"elementor-widget-container\">\n\t\t\t\t\t<h2 class=\"elementor-heading-title elementor-size-default\">Wie wir Ihre pers\u00f6nlichen Informationen pflegen und verwalten<\/h2>\t\t\t\t<\/div>\n\t\t\t\t<\/div>\n\t\t\t\t<\/div>\n\t\t\t\t\t<\/div>\n\t\t\t\t<\/div>\n\t\t<div class=\"elementor-element elementor-element-df97973 e-flex e-con-boxed e-con e-parent\" data-id=\"df97973\" data-element_type=\"container\" data-e-type=\"container\">\n\t\t\t\t\t<div class=\"e-con-inner\">\n\t\t\t\t<div class=\"elementor-element elementor-element-22aac19 elementor-widget elementor-widget-text-editor\" data-id=\"22aac19\" data-element_type=\"widget\" data-e-type=\"widget\" data-widget_type=\"text-editor.default\">\n\t\t\t\t<div class=\"elementor-widget-container\">\n\t\t\t\t\t\t\t\t\t<p><b>DATENSCHUTZRICHTLINIE<\/b><\/p>\n<p><\/p>\n<p>\u00a0<\/p>\n<p><\/p>\n<p>Vielen Dank f\u00fcr Ihren Besuch auf dieser Website.<\/p>\n<p><\/p>\n<p>\u00a0<\/p>\n<p><\/p>\n<p>Bitte lesen Sie sorgf\u00e4ltig die in diesem Dokument enthaltenen Nutzungsbedingungen, da die Nutzung dieser Website die ausdr\u00fcckliche und vollst\u00e4ndige Zustimmung zu ihnen in der zum Zeitpunkt des Zugriffs auf jede einzelne der Webseiten unter der Domain www.puretechlegal.com und deren jeweiligen Subdomains und Unterverzeichnissen ver\u00f6ffentlichten Version impliziert. Wir empfehlen Ihnen, dieses Dokument jedes Mal zu \u00fcberpr\u00fcfen, wenn Sie auf die Website zugreifen, um \u00c4nderungen in den Nutzungsbedingungen zu \u00fcberpr\u00fcfen und die Website zu verlassen, wenn Sie mit solchen \u00c4nderungen nicht einverstanden sind. Wenn wir der Meinung sind, dass bestimmte \u00c4nderungen wichtig sind, werden wir das Datum der letzten \u00c4nderung oben auf dieser Seite aktualisieren. Sie sind daf\u00fcr verantwortlich, \u00c4nderungen zu \u00fcberpr\u00fcfen und sich mit ihnen vertraut zu machen.<\/p>\n<p><\/p>\n<p>\u00a0<\/p>\n<p><\/p>\n<p><b>1. IDENTIFIKATION<\/b><\/p>\n<p><\/p>\n<p>In Erf\u00fcllung der Informationspflicht gem\u00e4\u00df Artikel 10 des Gesetzes 34\/2002 vom 11. Juli \u00fcber die Dienste der Informationsgesellschaft und den elektronischen Gesch\u00e4ftsverkehr mit der aktuellen Datenschutzgesetzgebung, insbesondere dem Organischen Gesetz 3\/2018 vom 5. Dezember \u00fcber den Schutz personenbezogener Daten und die Gew\u00e4hrleistung digitaler Rechte (LOPDGDD), das die Anwendung der Verordnung (EU) 2016\/679 des Europ\u00e4ischen Parlaments und des Rates vom 27. April 2016 \u00fcber den Schutz nat\u00fcrlicher Personen bei der Verarbeitung personenbezogener Daten und den freien Datenverkehr (DSGVO) vollst\u00e4ndig umsetzt.<\/p>\n<p><\/p>\n<p><b>Website-Besitzer:<\/b> AUTOMATED LEGAL SL (im Folgenden <b>DER UNTERNEHMEN<\/b>)<\/p>\n<p><\/p>\n<p><b>Handelsname:<\/b> PURETECH LEGAL<\/p>\n<p><\/p>\n<p><b>Steuernummer:<\/b> B-70897822<\/p>\n<p><\/p>\n<p><b>2. KOMMUNIKATION<\/b><\/p>\n<p><\/p>\n<p>\u00a0Um uns bei Fragen zum Inhalt dieses Impressums zu kontaktieren, stellen wir Ihnen die folgenden Kontaktm\u00f6glichkeiten zur Verf\u00fcgung:<\/p>\n<p><\/p>\n<p><b>E-Mail:<\/b> info@puretechlegal.com<\/p>\n<p><\/p>\n<p><b>Website:<\/b> www.puretechlegal.com<\/p>\n<p><\/p>\n<p>\u00a0<\/p>\n<p><\/p>\n<p>Alle Benachrichtigungen und Mitteilungen in diesem Abschnitt gelten als wirksam, f\u00fcr alle Zwecke, wenn sie \u00fcber eines der oben genannten Mittel erfolgen.<\/p>\n<p><\/p>\n<p>\u00a0<\/p>\n<p><\/p>\n<p>Wir sind der Meinung, dass die Privatsph\u00e4re und Sicherheit Ihrer pers\u00f6nlichen Informationen \u00e4u\u00dferst wichtig sind. Daher legt diese Richtlinie fest, was wir mit Ihren Informationen machen und was wir tun, um sie sicher aufzubewahren. Es wird auch erkl\u00e4rt, wo und wie wir Ihre pers\u00f6nlichen Informationen sammeln, sowie Ihre Rechte in Bezug auf alle Informationen, die wir \u00fcber Sie haben.<\/p>\n<p><\/p>\n<p>\u00a0<\/p>\n<p><\/p>\n<p><b>Was besagt die neue Datenschutzverordnung?<\/b><\/p>\n<p><\/p>\n<p>Es handelt sich um eine neue europ\u00e4ische Verordnung. Diese Verordnung vereinheitlicht die Kriterien f\u00fcr die Vertraulichkeit und Verarbeitung personenbezogener Daten auf Gemeinschaftsebene und passt deren Verwaltung an neue digitale Umgebungen wie das Internet und mobile Anwendungen an. Auf diese Weise haben Sie mehr Kontrolle \u00fcber Ihre Daten.<\/p>\n<p><\/p>\n<p>\u00a0<\/p>\n<p><\/p>\n<p><b>Wann tritt die neue Verordnung in Kraft?<\/b><\/p>\n<p><\/p>\n<p>Die Europ\u00e4ische Union hat die Verordnung 2016 verabschiedet. Die Mitgliedstaaten m\u00fcssen sie ab dem 25. Mai 2018 umsetzen.<\/p>\n<p><\/p>\n<p>\u00a0<\/p>\n<p><\/p>\n<p><b>Welche \u00c4nderungen bringt sie f\u00fcr Sie mit sich?<\/b><\/p>\n<p><\/p>\n<p>Die europ\u00e4ische Verordnung f\u00fcgt den in den aktuellen spanischen Vorschriften enthaltenen neuen Rechten hinzu. Aus diesem Grund m\u00fcssen wir die Ihnen zur Verf\u00fcgung stehenden Informationen \u00fcber die Datenschutzma\u00dfnahmen unseres Unternehmens aktualisieren. Wir werden auch Ihre Autorisierung zur Verarbeitung Ihrer Daten in einigen neuen F\u00e4llen anfordern. Auf diese Weise k\u00f6nnen wir Ihnen einen Service bieten, der besser auf Ihre Bed\u00fcrfnisse zugeschnitten ist.<\/p>\n<p><\/p>\n<p>\u00a0<\/p>\n<p><\/p>\n<p><b>Welche Ma\u00dfnahmen haben wir ergriffen, um die Vertraulichkeit, Integrit\u00e4t und Sicherheit Ihrer Daten zu gew\u00e4hrleisten?<\/b><\/p>\n<p><\/p>\n<ul>\n<li>Wir fordern nur die minimale Menge an notwendigen Informationen an, sammeln nur das, was wir f\u00fcr den Gesch\u00e4ftsverkehr oder die spezifische Transaktion f\u00fcr erforderlich halten;<\/li>\n<\/ul>\n<p><\/p>\n<ul>\n<li>Wir haben eine Reihe von Vertraulichkeitsvereinbarungen mit allen unseren Lieferanten, Mitarbeitern und Mitarbeitern getroffen;<\/li>\n<\/ul>\n<p><\/p>\n<ul>\n<li>Wir haben eine spezialisierte Beratung, die uns nicht nur dauerhaft in dieser Angelegenheit unterst\u00fctzen wird, sondern auch regelm\u00e4\u00dfige \u00dcberpr\u00fcfungen durchf\u00fchren wird, um die Einhaltung dieser Verordnung sicherzustellen;<\/li>\n<\/ul>\n<p><\/p>\n<ul>\n<li>Wir haben eine Reihe von Computersicherheitsma\u00dfnahmen festgelegt, die uns vor m\u00f6glichen externen Angriffen sch\u00fctzen werden;<\/li>\n<\/ul>\n<p><\/p>\n<ul>\n<li>Wir haben alle unsere Dokumentation \u00fcberpr\u00fcft, damit sie gem\u00e4\u00df der neuen Verordnung angemessen ist;<\/li>\n<\/ul>\n<p><\/p>\n<ul>\n<li>Wir haben die Auswirkungen unserer Verfahren auf den Schutz Ihrer pers\u00f6nlichen Daten bewertet;<\/li>\n<\/ul>\n<p><\/p>\n<ul>\n<li>Wir haben unser Personal geschult, damit wir alle sorgf\u00e4ltig und ethisch handeln k\u00f6nnen und alle Anforderungen erf\u00fcllen, die in der neuen Verordnung vorgesehen sind.<\/li>\n<\/ul>\n<p><\/p>\n<p>\u00a0<\/p>\n<p><\/p>\n<p><b>Grunds\u00e4tze, die wir auf Ihre pers\u00f6nlichen Informationen anwenden werden<\/b><\/p>\n<p><\/p>\n<p>Bei der Verarbeitung Ihrer pers\u00f6nlichen Daten werden wir die folgenden Grunds\u00e4tze anwenden, die den Anforderungen der neuen europ\u00e4ischen Datenschutzverordnung entsprechen:<\/p>\n<p><\/p>\n<ul>\n<li><b>Grundsatz der Legalit\u00e4t, Loyalit\u00e4t und Transparenz:<\/b> Wir werden immer Ihre Zustimmung zur Verarbeitung Ihrer pers\u00f6nlichen Daten f\u00fcr einen oder mehrere spezifische Zwecke verlangen, \u00fcber die wir Sie im Voraus absolut transparent informieren werden.<\/li>\n<\/ul>\n<p><\/p>\n<ul>\n<li><b>Grundsatz der Datenminimierung:<\/b> Wir werden nur Daten anfordern, die streng notwendig sind in Bezug auf die Zwecke, f\u00fcr die wir sie ben\u00f6tigen. Das Minimum m\u00f6glich.<\/li>\n<\/ul>\n<p><\/p>\n<ul>\n<li><b>Grundsatz der Begrenzung der Speicherfrist:<\/b> Die Daten werden nicht l\u00e4nger als f\u00fcr die Zwecke der Verarbeitung erforderlich aufbewahrt. Abh\u00e4ngig vom Zweck werden wir Sie \u00fcber die entsprechende Speicherfrist informieren. Im Falle von Abonnements werden wir regelm\u00e4\u00dfig unsere Listen \u00fcberpr\u00fcfen und die inaktiven Datens\u00e4tze f\u00fcr eine betr\u00e4chtliche Zeit l\u00f6schen.<\/li>\n<\/ul>\n<p><\/p>\n<ul>\n<li><b>Grundsatz der Integrit\u00e4t und Vertraulichkeit:<\/b> Ihre Daten werden so verarbeitet, dass die angemessene Sicherheit der personenbezogenen Daten gew\u00e4hrleistet ist und die Vertraulichkeit sichergestellt ist. Sie sollten wissen, dass wir alle notwendigen Vorkehrungen treffen, um unbefugten Zugriff oder Missbrauch der Daten unserer Benutzer durch Dritte zu verhindern.<b>\u00a0<\/b><\/li>\n<\/ul>\n<p><\/p>\n<p>\u00a0<\/p>\n<p><\/p>\n<p><b>RECHTLICHE GRUNDLAGE F\u00dcR DIE ERHEBUNG UND VERWENDUNG VON INFORMATIONEN<\/b><\/p>\n<p><\/p>\n<p>Wenn Sie eine Person im Europ\u00e4ischen Wirtschaftsraum (EWR) sind, h\u00e4ngt unsere rechtliche Grundlage f\u00fcr die Erhebung und Verwendung von Informationen von den betreffenden personenbezogenen Informationen und dem Kontext ab, in dem wir sie erheben. Die meisten unserer Informationsbeschaffungs- und -verarbeitungsaktivit\u00e4ten basieren im Allgemeinen auf: 1) einem Vertragsbedarf; 2) einem oder mehreren berechtigten Interessen von <b>DER UNTERNEHMEN<\/b> oder einem Dritten, die nicht durch Ihre Interessen am Datenschutz au\u00dfer Kraft gesetzt werden, oder 3) Ihrer Zustimmung. Manchmal haben wir eine gesetzliche Verpflichtung, Ihre Informationen zu sammeln, oder wir ben\u00f6tigen Ihre pers\u00f6nlichen Informationen, um Ihre lebenswichtigen Interessen oder die einer anderen Person zu sch\u00fctzen.<\/p>\n<p><\/p>\n<p>\u00a0<\/p>\n<p><\/p>\n<p><b>BEHANDLUNGEN<\/b><\/p>\n<p><\/p>\n<p>\u00a0<\/p>\n<p><\/p>\n<p>Wir erkl\u00e4ren Ihnen unten, wie wir Ihre Informationen sammeln, verwenden, offenlegen, \u00fcbertragen und speichern. Diese Datenschutzrichtlinie gilt f\u00fcr pers\u00f6nliche Informationen, die \u00fcber unsere Website gesammelt werden. Es ist wichtig, dass Sie die Datenschutzrichtlinie regelm\u00e4\u00dfig \u00fcberpr\u00fcfen, falls sie aktualisiert wurde.<\/p>\n<p><\/p>\n<p>\u00a0<\/p>\n<p><\/p>\n<p>Alle Benutzer, die auf unsere Website zugreifen, k\u00f6nnen alle Inhalte ohne Angabe pers\u00f6nlicher Informationen einsehen. Ihre pers\u00f6nlichen Daten werden nur erfasst, wenn Sie freiwillig unsere Formulare ausf\u00fcllen. In diesem Fall garantiert der Benutzer die Authentizit\u00e4t, Genauigkeit und Wahrhaftigkeit der bereitgestellten Informationen und verpflichtet sich, die pers\u00f6nlichen Daten aktuell zu halten, damit sie jederzeit ihrer realen Situation entsprechen. Der Benutzer ist allein verantwortlich f\u00fcr falsche oder ungenaue Angaben und f\u00fcr die Sch\u00e4den, die sie verursachen k\u00f6nnen.<\/p>\n<p><\/p>\n<p>\u00a0<\/p>\n<p><\/p>\n<p>Durch die Nutzung dieses Kommunikationskanals erkl\u00e4ren Sie sich ausdr\u00fccklich damit einverstanden, nur periodische Mitteilungen von der Einrichtung zu erhalten, die die von Benutzern \u00fcber die Website erhaltenen pers\u00f6nlichen Daten streng geheim h\u00e4lt, ihre Vertraulichkeit garantiert und die erforderlichen technischen Ma\u00dfnahmen ergreift, um jegliche \u00c4nderung, Verlust, Missbrauch oder unbefugten Zugriff auf diese Daten zu verhindern.<\/p>\n<p><\/p>\n<p>\u00a0<\/p>\n<p><\/p>\n<p>Au\u00dferdem informieren wir Sie dar\u00fcber, dass alle \u00fcber elektronische Formulare und\/oder per E-Mail bereitgestellten Daten streng notwendig sind f\u00fcr die korrekte Identifizierung des Absenders. Diese Informationen werden streng vertraulich behandelt und ausschlie\u00dflich zum Zweck der Bearbeitung von Informationsanfragen, der Beauftragung unserer Dienstleistungen und Produkte sowie anderer unten angegebener Zwecke verwendet. Sie werden informiert und geben Ihre ausdr\u00fcckliche Zustimmung zur Verwendung Ihrer Daten f\u00fcr Aktivit\u00e4ten im Zusammenhang mit dem Unternehmenszweck.<\/p>\n<p><\/p>\n<p>\u00a0<\/p>\n<p><\/p>\n<p>Die erteilte Zustimmung, sowohl f\u00fcr die Verarbeitung als auch f\u00fcr die \u00dcbertragung der Daten der betroffenen Personen, ist jederzeit widerruflich, indem sie an die E-Mail-Adresse <a href=\"mailto:info@afectadoscartelcoches.es\">info@puretechlegal.com<\/a> in den in dieser Richtlinie festgelegten Bedingungen f\u00fcr die Aus\u00fcbung von Rechten kommuniziert wird. Dieser Widerruf wird in keinem Fall r\u00fcckwirkend sein.<\/p>\n<p><\/p>\n<p><b>\u00a0<\/b><\/p>\n<p><\/p>\n<p><b>Wie wir Ihre Daten verwenden<\/b><\/p>\n<p><\/p>\n<p>Wir k\u00f6nnen Ihre pers\u00f6nlichen Daten auf folgende Weise verwenden: Die von Ihnen bereitgestellten Informationen k\u00f6nnen uns bei Entscheidungen helfen, Anfragen beantworten, Dienstleistungen verbessern, neue Bed\u00fcrfnisse erkennen, Aktionen generieren, Ihre Erwartungen verstehen und Ihnen einen besseren Service bieten. Wir k\u00f6nnen Ihre Daten auch f\u00fcr folgende Zwecke verwenden.<\/p>\n<p><\/p>\n<p>\u00a0<\/p>\n<p><\/p>\n<p><b>Spezifischer Grund:<\/b> Wenn Sie Ihre pers\u00f6nlichen Daten f\u00fcr einen bestimmten Zweck bereitstellen, werden wir sie f\u00fcr den angegebenen Zweck verwenden. Wenn Sie uns beispielsweise per E-Mail kontaktieren, verwenden wir die von Ihnen bereitgestellten pers\u00f6nlichen Daten, um auf Ihre Frage zu antworten oder das Problem zu l\u00f6sen, und wir werden an die E-Mail-Adresse antworten, von der die Nachricht gesendet wurde.<\/p>\n<p><\/p>\n<p>\u00a0<\/p>\n<p><\/p>\n<p><b>Interne Zwecke.<\/b> Wir k\u00f6nnen Ihre pers\u00f6nlichen Daten f\u00fcr interne Zwecke verwenden, wie z. B. um sie zur Verbesserung des Inhalts und der Funktionalit\u00e4t der Dienste zu nutzen, die Bed\u00fcrfnisse unserer Kunden besser zu verstehen, Dienstleistungen zu verbessern, betr\u00fcgerische Aktivit\u00e4ten zu erkennen, unsere Nutzungsbedingungen zu st\u00e4rken, Ihr Konto zu verwalten und Kundenservice zu leisten und im Allgemeinen Dienstleistungen und unsere Gesch\u00e4ftst\u00e4tigkeit zu verwalten, unter anderem.<\/p>\n<p><\/p>\n<p>\u00a0<\/p>\n<p><\/p>\n<p><b>Kommerzielle Kommunikationen.<\/b> Wenn wir Ihre ausdr\u00fcckliche Zustimmung haben (die durch ein exklusives Kontrollk\u00e4stchen in unseren Formularen erhalten wird), k\u00f6nnen wir Ihre pers\u00f6nlichen Daten verwenden, um Sie in Zukunft f\u00fcr kommerzielle Aktionen zu kontaktieren, die f\u00fcr Sie von Interesse sein k\u00f6nnten, immer im Zusammenhang mit den von <b>DER UNTERNEHMEN<\/b> angebotenen Produkten und\/oder Dienstleistungen. In jedem Fall haben Sie immer die M\u00f6glichkeit, sich von diesen elektronischen Nachrichten am Ende solcher Nachrichten abzumelden oder uns per E-Mail an die folgende Adresse zu benachrichtigen: <a href=\"mailto:info@afectadoscartelcoches.es\">info@puretechlegal.com<\/a> Sie k\u00f6nnen jedoch weiterhin Benachrichtigungen und E-Mails erhalten, die f\u00fcr die Aufrechterhaltung unserer Vertragsbeziehungen notwendig und wesentlich sind. Gem\u00e4\u00df dem Gesetz 34\/2002 vom 11. Juli \u00fcber die Dienste der Informationsgesellschaft und den elektronischen Gesch\u00e4ftsverkehr (LSSICE) betreibt <b>DER UNTERNEHMEN<\/b> keine SPAM-Praktiken und verpflichtet sich, keine kommerziellen Kommunikationen ohne ordnungsgem\u00e4\u00dfe Identifizierung zu senden.<\/p>\n<p><\/p>\n<p>\u00a0<\/p>\n<p><\/p>\n<p>Bitte beachten Sie, dass selbst wenn Sie sich entscheiden, sich nicht f\u00fcr Werbe- oder kommerzielle elektronische Mitteilungen anzumelden oder abzumelden, <b>DER UNTERNEHMEN<\/b> Sie m\u00f6glicherweise weiterhin als Benutzer mit wichtigen Informationen zu Transaktionen in Bezug auf Ihr Konto und Ihre Eink\u00e4ufe von Produkten, Buchungsaktivit\u00e4ten oder der Beauftragung anderer Dienstleistungen kontaktieren muss.<\/p>\n<p><\/p>\n<p>Nachfolgend erl\u00e4utern wir genauer, welche Arten von Daten gesammelt und verarbeitet werden und welche Zwecke sie haben:<\/p>\n<p><\/p>\n<table border=\"0\" cellspacing=\"0\" cellpadding=\"0\">\n<tbody>\n<tr>\n<td>\n<p><b>KATEGORIE<\/b><\/p>\n<\/td>\n<td>\n<p><b>ZWECK<\/b><\/p>\n<\/td>\n<\/tr>\n<tr>\n<td>\n<p>Besucherbenutzer<\/p>\n<\/td>\n<td>\n<p>Benutzerfreundlichkeits- und Qualit\u00e4tsanalyse zur Verbesserung unserer Dienstleistungen<\/p>\n<\/td>\n<\/tr>\n<tr>\n<td>\n<p>Benutzer, der uns kontaktiert<\/p>\n<\/td>\n<td>\n<p>Beantworten von Benutzeranfragen; Beantworten von Fragen, Beschwerden, Kommentaren oder Bedenken in Bezug auf die auf der Website enthaltenen Informationen, die \u00fcber die Website bereitgestellten Dienstleistungen, die Verarbeitung personenbezogener Daten, Fragen zu den auf der Website enthaltenen Rechtstexten sowie alle anderen Anfragen, die nicht den Vertragsbedingungen unterliegen.<\/p>\n<\/td>\n<\/tr>\n<tr>\n<td>\n<p>Kl\u00e4gerbenutzer<\/p>\n<p>\u00a0<\/p>\n<\/td>\n<td>\n<p>Verwaltung der \u00fcber unsere Website eingegangenen Anfragen f\u00fcr den Versand m\u00f6glicher zu erhaltender Entsch\u00e4digungen und Versand von kommerziellen und Werbekommunikationen. Rechtliche Grundlage: Ausdr\u00fcckliche Zustimmung der betroffenen Person und Durchf\u00fchrung von vorvertraglichen Ma\u00dfnahmen auf Antrag der<\/p>\n\t\t\t\t\t\t\t\t<\/div>\n\t\t\t\t<\/div>\n\t\t\t\t\t<\/div>\n\t\t\t\t<\/div>\n\t\t\t\t<\/div>\n\t\t","protected":false},"excerpt":{"rendered":"<p>Datenschutzrichtlinie Wie wir Ihre pers\u00f6nlichen Informationen pflegen und verwalten DATENSCHUTZRICHTLINIE \u00a0 Vielen Dank f\u00fcr Ihren Besuch auf dieser Website. \u00a0 Bitte lesen Sie sorgf\u00e4ltig die in diesem Dokument enthaltenen Nutzungsbedingungen, da die Nutzung dieser Website die ausdr\u00fcckliche und vollst\u00e4ndige Zustimmung zu ihnen in der zum Zeitpunkt des Zugriffs auf jede einzelne der Webseiten unter der [&hellip;]<\/p>\n","protected":false},"author":1,"featured_media":0,"parent":0,"menu_order":0,"comment_status":"closed","ping_status":"closed","template":"","meta":{"footnotes":""},"class_list":["post-5428","page","type-page","status-publish","hentry"],"_links":{"self":[{"href":"https:\/\/puretechlegal.com\/de\/wp-json\/wp\/v2\/pages\/5428","targetHints":{"allow":["GET"]}}],"collection":[{"href":"https:\/\/puretechlegal.com\/de\/wp-json\/wp\/v2\/pages"}],"about":[{"href":"https:\/\/puretechlegal.com\/de\/wp-json\/wp\/v2\/types\/page"}],"author":[{"embeddable":true,"href":"https:\/\/puretechlegal.com\/de\/wp-json\/wp\/v2\/users\/1"}],"replies":[{"embeddable":true,"href":"https:\/\/puretechlegal.com\/de\/wp-json\/wp\/v2\/comments?post=5428"}],"version-history":[{"count":3,"href":"https:\/\/puretechlegal.com\/de\/wp-json\/wp\/v2\/pages\/5428\/revisions"}],"predecessor-version":[{"id":5649,"href":"https:\/\/puretechlegal.com\/de\/wp-json\/wp\/v2\/pages\/5428\/revisions\/5649"}],"wp:attachment":[{"href":"https:\/\/puretechlegal.com\/de\/wp-json\/wp\/v2\/media?parent=5428"}],"curies":[{"name":"wp","href":"https:\/\/api.w.org\/{rel}","templated":true}]}}