{"id":5403,"date":"2024-06-30T14:27:36","date_gmt":"2024-06-30T14:27:36","guid":{"rendered":"https:\/\/puretechlegal.com\/cookie-policy\/"},"modified":"2025-05-18T13:43:15","modified_gmt":"2025-05-18T13:43:15","slug":"cookie-policy","status":"publish","type":"page","link":"https:\/\/puretechlegal.com\/de\/cookie-policy\/","title":{"rendered":"Cookie-Richtlinie"},"content":{"rendered":"\t\t<div data-elementor-type=\"wp-page\" data-elementor-id=\"5403\" class=\"elementor elementor-5403 elementor-2011\" data-elementor-post-type=\"page\">\n\t\t\t\t<div class=\"elementor-element elementor-element-c012b9b e-flex e-con-boxed e-con e-parent\" data-id=\"c012b9b\" data-element_type=\"container\" data-e-type=\"container\" data-settings=\"{&quot;background_background&quot;:&quot;gradient&quot;}\">\n\t\t\t\t\t<div class=\"e-con-inner\">\n\t\t<div class=\"elementor-element elementor-element-453bab4 e-con-full e-flex e-con e-child\" data-id=\"453bab4\" data-element_type=\"container\" data-e-type=\"container\">\n\t\t\t\t<div class=\"elementor-element elementor-element-ae25305 elementor-widget elementor-widget-heading\" data-id=\"ae25305\" data-element_type=\"widget\" data-e-type=\"widget\" data-widget_type=\"heading.default\">\n\t\t\t\t<div class=\"elementor-widget-container\">\n\t\t\t\t\t<h1 class=\"elementor-heading-title elementor-size-default\">Cookie-Richtlinie<\/h1>\t\t\t\t<\/div>\n\t\t\t\t<\/div>\n\t\t\t\t<div class=\"elementor-element elementor-element-4e58ed4 elementor-widget__width-auto elementor-widget elementor-widget-heading\" data-id=\"4e58ed4\" data-element_type=\"widget\" data-e-type=\"widget\" data-widget_type=\"heading.default\">\n\t\t\t\t<div class=\"elementor-widget-container\">\n\t\t\t\t\t<h2 class=\"elementor-heading-title elementor-size-default\">Verstehen Sie, wie wir Cookies verwenden, um Ihr Erlebnis zu verbessern.<\/h2>\t\t\t\t<\/div>\n\t\t\t\t<\/div>\n\t\t\t\t<\/div>\n\t\t\t\t\t<\/div>\n\t\t\t\t<\/div>\n\t\t<div class=\"elementor-element elementor-element-c387446 e-flex e-con-boxed e-con e-parent\" data-id=\"c387446\" data-element_type=\"container\" data-e-type=\"container\">\n\t\t\t\t\t<div class=\"e-con-inner\">\n\t\t\t\t<div class=\"elementor-element elementor-element-d3c2b97 elementor-widget elementor-widget-text-editor\" data-id=\"d3c2b97\" data-element_type=\"widget\" data-e-type=\"widget\" data-widget_type=\"text-editor.default\">\n\t\t\t\t<div class=\"elementor-widget-container\">\n\t\t\t\t\t\t\t\t\t<p>Vielen Dank f\u00fcr Ihren Besuch auf dieser Website.<\/p>\n<p>In \u00dcbereinstimmung mit den Bestimmungen des Artikels 22.2 des Gesetzes 34\/2002 vom 11. Juli \u00fcber die Dienste der Informationsgesellschaft und den elektronischen Gesch\u00e4ftsverkehr informiert Sie diese Website in diesem Abschnitt \u00fcber die Cookie-Sammlungs- und -Verarbeitungsrichtlinie.<\/p>\n<p>Was sind Cookies?<\/p>\n<p>Cookies sind kleine Textdateien, die einige Server mit unserer Zustimmung auf unserer Festplatte speichern und Informationen dar\u00fcber enthalten, was wir auf ihren Seiten getan haben (Zeit auf einem bestimmten Bildschirm verbracht, spezifische Informationen \u00fcber ein bestimmtes Produkt erhalten usw.). Die gro\u00dfe Mehrheit der Cookies hat ein Ablaufdatum, das von der Dauer der Sitzung bis zu einem festgelegten zuk\u00fcnftigen Datum reichen kann, nach dem sie funktionsunf\u00e4hig werden.<\/p>\n<p>1. VON DIESER WEBSITE VERWENDETE COOKIES<\/p>\n<p>Die auf dieser Website verwendeten Cookies sind nur mit einem anonymen Benutzer und seinem Computer verbunden, liefern keine Hinweise, die es erm\u00f6glichen, den Namen und Nachnamen des Benutzers abzuleiten, und k\u00f6nnen keine Daten von seiner Festplatte lesen oder Viren in ihren Texten enthalten. Unsere Website kann auch keine Cookies lesen, die von anderen Servern auf der Festplatte des Benutzers implantiert wurden.<\/p>\n<p>Der Benutzer kann frei entscheiden, ob die auf unserer Website verwendeten Cookies auf seiner Festplatte implantiert werden sollen oder nicht. In diesem Sinne kann der Benutzer seinen Browser so konfigurieren, dass er standardm\u00e4\u00dfig alle Cookies akzeptiert oder ablehnt oder eine Benachrichtigung auf dem Bildschirm \u00fcber den Erhalt jedes Cookies erh\u00e4lt und in diesem Moment entscheidet, ob er es auf seiner Festplatte implantiert oder nicht. Hierzu empfehlen wir, den Hilfebereich Ihres Browsers zu konsultieren, um zu erfahren, wie Sie die derzeit verwendeten Einstellungen \u00e4ndern k\u00f6nnen.<\/p>\n<p>Als Benutzer haben Sie das Recht, alle Cookies abzulehnen oder nur diejenigen zuzulassen, die Sie f\u00fcr den Betrieb unserer Website f\u00fcr notwendig halten, und Sie k\u00f6nnen normalerweise durch unsere Website navigieren, mit der einzigen Unannehmlichkeit, dass Sie bestimmte Funktionen, die die Installation eines Cookies auf Ihrem Server erfordern, nicht nutzen k\u00f6nnen. In jedem Fall kann der Benutzer die auf seiner Festplatte implantierten Cookies jederzeit l\u00f6schen, indem er das in der Hilfe seines Browsers festgelegte Verfahren befolgt, das wir sp\u00e4ter im Detail erl\u00e4utern werden.<\/p>\n<p>Gem\u00e4\u00df den Bestimmungen des Artikels 22.2 des Gesetzes 34\/2002 \u00fcber die Dienste der Informationsgesellschaft und den elektronischen Gesch\u00e4ftsverkehr, wenn Sie sich entscheiden, mit allen aktivierten Cookies weiter zu browsen, geben Sie Ihre Zustimmung zur Verwendung der unten aufgef\u00fchrten Cookies.<\/p>\n<p>Die Cookies auf dieser Website helfen dabei:<\/p>\n<p>&#8211; sicherzustellen, dass diese Website korrekt funktioniert;<br \/>\n&#8211; das Anzeigen von Videos oder anderen Multimedia-Ressourcen zu erm\u00f6glichen;<br \/>\n&#8211; die Geschwindigkeit\/Sicherheit der Website zu verbessern;<br \/>\n&#8211; das Teilen von Seiten mit Ihren sozialen Netzwerken zu erm\u00f6glichen;<br \/>\n&#8211; Benutzerpassw\u00f6rter f\u00fcr zuk\u00fcnftige Besuche zu speichern.<\/p>\n<p>Wir verwenden niemals Cookies, um:<\/p>\n<p>&#8211; personenbezogene Daten zu sammeln (ohne Ihre ausdr\u00fcckliche Zustimmung);<br \/>\n&#8211; sensible Informationen zu sammeln (ohne Ihre ausdr\u00fcckliche Zustimmung);<br \/>\n&#8211; personenbezogene Daten mit Dritten zu teilen.<\/p>\n<p>2. VON DIESER WEBSITE VERWENDETE DRITTANBIETER-COOKIES<\/p>\n<p>Diese Website, wie die gro\u00dfe Mehrheit der Websites, enth\u00e4lt Funktionen, die von Dritten bereitgestellt werden.<\/p>\n<p>Wir testen auch regelm\u00e4\u00dfig neue Designs oder Dienste von Drittanbietern f\u00fcr Empfehlungen und Berichte.<\/p>\n<p>Dies kann gelegentlich die Cookie-Einstellungen \u00e4ndern und dazu f\u00fchren, dass Cookies erscheinen, die nicht in dieser Richtlinie aufgef\u00fchrt sind. Es ist wichtig, Sie dar\u00fcber zu informieren, dass es sich um vorl\u00e4ufige Cookies handelt, \u00fcber die nicht immer informiert werden kann und die nur zu Studien- und Evaluierungszwecken dienen. In keinem Fall werden Cookies verwendet, die Ihre Privatsph\u00e4re gef\u00e4hrden.<\/p>\n<p>Im Folgenden werden gem\u00e4\u00df Artikel 22.2 des LSSI die Cookies, die w\u00e4hrend des Navigierens auf dieser Website \u00fcblicherweise installiert werden k\u00f6nnen, detailliert aufgef\u00fchrt:<\/p>\n<p>NAME | DAUER | ZWECK<br \/>\nDrittanbieter persistent_ga | 2 Jahre ab Einrichtung | Wird zur Unterscheidung von Benutzern verwendet. Es handelt sich um ein Cookie, das zu Google Analytics geh\u00f6rt. Weitere Informationen<br \/>\nDrittanbieter persistent_gat | 10 Minuten | Wird zur Bestimmung der Neuladeh\u00e4ufigkeit verwendet. Es handelt sich um ein Cookie, das zu Google Analytics geh\u00f6rt. Weitere Informationen<br \/>\nDrittanbieter persistent__utma | 2 Jahre ab jedem Update | Dieses Cookie wird normalerweise beim ersten Besuch gesetzt. Wenn das Cookie manuell gel\u00f6scht wird, wird es beim n\u00e4chsten Besuch mit einer neuen ID erneut gesetzt. In den meisten F\u00e4llen wird dieses Cookie verwendet, um eindeutige Besucher auf unserer Website zu bestimmen und wird bei jedem Seitenaufruf aktualisiert. Dar\u00fcber hinaus verf\u00fcgt dieses Cookie \u00fcber eine eindeutige Google Analytics-ID, die sowohl seine G\u00fcltigkeit als auch seine Zug\u00e4nglichkeit als zus\u00e4tzliche Sicherheitsma\u00dfnahme gew\u00e4hrleistet. Weitere Informationen<br \/>\nDrittanbieter persistent__utmb | 2 Jahre ab jedem Update | Dieses Cookie wird verwendet, um eine Benutzersitzung auf unserer Website zu erstellen und fortzusetzen. Wenn ein Benutzer eine Seite auf unserer Website besucht, versucht der Google Analytics-Code, dieses Cookie zu aktualisieren. Wenn es das Cookie nicht findet, erstellt es ein neues. Jedes Mal, wenn der Benutzer eine andere Seite besucht, wird dieses Cookie aktualisiert, um nach 30 Minuten abzulaufen und somit alle 30 Minuten eine eindeutige Sitzung zu finden. Dieses Cookie l\u00e4uft ab, wenn ein Benutzer f\u00fcr einen Zeitraum von 30 Minuten aufh\u00f6rt, unsere Website zu besuchen. Weitere Informationen<br \/>\nDrittanbieter persistentAPISID, HSID, NID, SAPISID, SID, SSID | 2 Jahre ab Installation | Speichert Benutzereinstellungen und andere Informationen \u00fcber Google-Dienste, die der Benutzer hat. Weitere Informationen<br \/>\nDrittanbieter persistent__utmt | Sitzung | Historisch gesehen arbeitete dieses Cookie neben dem __utmb-Cookie, um festzustellen, ob eine neue Sitzung f\u00fcr den Benutzer gestartet werden sollte. Heute wird es nicht mehr verwendet, bleibt jedoch hier, um die Abw\u00e4rtskompatibilit\u00e4t mit dem urchin.js- und ga.js-Code aufrechtzuerhalten. Weitere Informationen<br \/>\nDrittanbieter persistent__utmz | 6 Monate ab jedem Update | Dieses Cookie speichert Informationen \u00fcber die Referenzen, die der Besucher verwendet hat, um unsere Website zu erreichen, ob direkt, \u00fcber einen Empfehlungslink, eine Websuche oder eine Werbekampagne oder E-Mail. Es wird verwendet, um den Verkehr von Suchmaschinen, Marketingkampagnen und die Navigation auf unserer Website zu berechnen. Dieses Cookie wird bei jedem Seitenaufruf aktualisiert. Weitere Informationen<br \/>\nDrittanbieter zsltssn | 90 Tage | Dieses Cookie wird verwendet, um eine Benutzersitzung auf unserer Website zu erstellen und fortzusetzen. Wenn ein Benutzer eine Seite auf unserer Website besucht, versucht der Zoho-Code, dieses Cookie zu aktualisieren. Wenn es das Cookie nicht findet, erstellt es ein neues. Jedes Mal, wenn der Benutzer eine andere Seite besucht, wird dieses Cookie aktualisiert. Dieses Cookie l\u00e4uft ab, wenn ein Benutzer f\u00fcr einen Zeitraum von 90 Tagen aufh\u00f6rt, unsere Website zu besuchen. Weitere Informationen<br \/>\nDrittanbieter zsstssn | 30 Minuten | Dieses Cookie wird verwendet, um eine Benutzersitzung auf unserer Website zu erstellen und fortzusetzen. Wenn ein Benutzer eine Seite auf unserer Website besucht, versucht der Zoho-Code, dieses Cookie zu aktualisieren. Wenn es das Cookie nicht findet, erstellt es ein neues. Jedes Mal, wenn der Benutzer eine andere Seite besucht, wird dieses Cookie aktualisiert. Dieses Cookie l\u00e4uft ab, wenn ein Benutzer f\u00fcr einen Zeitraum von 30 Minuten aufh\u00f6rt, unsere Website zu besuchen. Weitere Informationen<\/p>\n<p>3. COOKIES DEAKTIVIEREN<\/p>\n<p>Wenn Sie nicht m\u00f6chten, dass die Website Cookies auf Ihrem Computer installiert, k\u00f6nnen Sie Ihren Browser so einstellen, dass Sie benachrichtigt werden, bevor ein Cookie heruntergeladen wird.<\/p>\n<p>Ebenso k\u00f6nnen Sie auch die Browsereinstellungen \u00e4ndern, um alle Cookies oder nur Cookies von Drittanbietern abzulehnen. Es ist auch m\u00f6glich, bereits auf Ihrem Computer vorhandene Cookies zu l\u00f6schen; hierf\u00fcr m\u00fcssen Sie die Einstellungen jedes Browsers und Ger\u00e4ts, das Sie verwenden, separat anpassen.<\/p>\n<p>Wir bieten Benutzern, die die Installation der genannten Cookies verhindern m\u00f6chten, Links zu Browsern an, deren Verwendung als weit verbreitet angesehen wird:<\/p>\n<p>COOKIE-VERWALTUNG NACH BROWSER:<\/p>\n<p>Google Chrome: http:\/\/support.google.com\/chrome\/bin\/answer.py?hl=es&amp;answer=95647<br \/>\nExplorer: https:\/\/support.microsoft.com\/en-us\/help\/17442\/windows-internet-explorer-delete-manage-cookies<br \/>\nFirefox: https:\/\/support.mozilla.org\/es\/kb\/Deshabilitar%20cookies%20de%20terceros<br \/>\nSafari: http:\/\/support.apple.com\/kb\/ph5042<\/p>\n<p>Viele Browser erm\u00f6glichen es Ihnen, einen privaten Modus zu aktivieren, in dem Cookies immer nach Ihrem Besuch gel\u00f6scht werden, und je nach Browser kann dieser private Modus unterschiedliche Namen haben. Im Folgenden finden Sie eine Liste der g\u00e4ngigsten Browser und die verschiedenen Namen dieses &#8222;privaten Modus&#8220;:<\/p>\n<p>&#8211; Internet Explorer 8 und h\u00f6her: InPrivate<br \/>\n&#8211; FireFox 3.5 und h\u00f6her: Privates Surfen<br \/>\n&#8211; Google Chrome 10 und h\u00f6her: Inkognito<br \/>\n&#8211; Safari 2 und h\u00f6her: Privates Surfen<br \/>\n&#8211; Opera 10.5 und h\u00f6her: Privates Surfen<\/p>\n<p>Bitte lesen Sie sorgf\u00e4ltig den Hilfebereich Ihres Browsers, um mehr dar\u00fcber zu erfahren, wie Sie den &#8222;privaten Modus&#8220; aktivieren k\u00f6nnen. Sie k\u00f6nnen unsere Website weiterhin besuchen, auch wenn Ihr Browser im &#8222;privaten Modus&#8220; ist; jedoch kann das Benutzererlebnis m\u00f6glicherweise nicht optimal sein, und einige Funktionen funktionieren m\u00f6glicherweise nicht.<\/p>\n<p>Wenn Sie weitere Informationen zur Blockierung von Cookies auf Ihrem Computer ben\u00f6tigen, lesen Sie bitte die Erkl\u00e4rung unter diesem Weblink: http:\/\/windows.microsoft.com\/es-es\/windows-vista\/block-or-allow-cookies<\/p>\n<p>4. \u00c4NDERUNGEN AN DIESER COOKIE-RICHTLINIE<\/p>\n<p>Wir k\u00f6nnen die Cookie-Richtlinie unserer Website aktualisieren. Daher empfehlen wir, diese Richtlinie jedes Mal zu \u00fcberpr\u00fcfen, wenn Sie auf unsere Website zugreifen, um ordnungsgem\u00e4\u00df dar\u00fcber informiert zu sein, wie und warum wir Cookies verwenden.<\/p>\n<p>5. DATENSCHUTZRICHTLINIE<\/p>\n<p>Sie k\u00f6nnen unsere Datenschutzrichtlinie lesen, um weitere Informationen zur Behandlung personenbezogener Daten zu erhalten.<\/p>\n<p>6. KONTAKT<\/p>\n<p>Wenn Sie Fragen, Kommentare oder Vorschl\u00e4ge zur Cookie-Richtlinie haben, schreiben Sie bitte an: info@puretechlegal.com<\/p>\n\t\t\t\t\t\t\t\t<\/div>\n\t\t\t\t<\/div>\n\t\t\t\t\t<\/div>\n\t\t\t\t<\/div>\n\t\t\t\t<\/div>\n\t\t","protected":false},"excerpt":{"rendered":"<p>Cookie-Richtlinie Verstehen Sie, wie wir Cookies verwenden, um Ihr Erlebnis zu verbessern. Vielen Dank f\u00fcr Ihren Besuch auf dieser Website. In \u00dcbereinstimmung mit den Bestimmungen des Artikels 22.2 des Gesetzes 34\/2002 vom 11. Juli \u00fcber die Dienste der Informationsgesellschaft und den elektronischen Gesch\u00e4ftsverkehr informiert Sie diese Website in diesem Abschnitt \u00fcber die Cookie-Sammlungs- und -Verarbeitungsrichtlinie. [&hellip;]<\/p>\n","protected":false},"author":1,"featured_media":0,"parent":0,"menu_order":0,"comment_status":"closed","ping_status":"closed","template":"","meta":{"footnotes":""},"class_list":["post-5403","page","type-page","status-publish","hentry"],"_links":{"self":[{"href":"https:\/\/puretechlegal.com\/de\/wp-json\/wp\/v2\/pages\/5403","targetHints":{"allow":["GET"]}}],"collection":[{"href":"https:\/\/puretechlegal.com\/de\/wp-json\/wp\/v2\/pages"}],"about":[{"href":"https:\/\/puretechlegal.com\/de\/wp-json\/wp\/v2\/types\/page"}],"author":[{"embeddable":true,"href":"https:\/\/puretechlegal.com\/de\/wp-json\/wp\/v2\/users\/1"}],"replies":[{"embeddable":true,"href":"https:\/\/puretechlegal.com\/de\/wp-json\/wp\/v2\/comments?post=5403"}],"version-history":[{"count":5,"href":"https:\/\/puretechlegal.com\/de\/wp-json\/wp\/v2\/pages\/5403\/revisions"}],"predecessor-version":[{"id":5645,"href":"https:\/\/puretechlegal.com\/de\/wp-json\/wp\/v2\/pages\/5403\/revisions\/5645"}],"wp:attachment":[{"href":"https:\/\/puretechlegal.com\/de\/wp-json\/wp\/v2\/media?parent=5403"}],"curies":[{"name":"wp","href":"https:\/\/api.w.org\/{rel}","templated":true}]}}